{"id":9171,"date":"2020-04-27T11:48:04","date_gmt":"2020-04-27T16:48:04","guid":{"rendered":"https:\/\/civita.com.mx\/?page_id=9171"},"modified":"2021-01-22T10:57:57","modified_gmt":"2021-01-22T16:57:57","slug":"sdg","status":"publish","type":"page","link":"https:\/\/civita.com.mx\/en\/sdg\/","title":{"rendered":"Corporate Sustainability"},"content":{"rendered":"<p class=\"qtranxs-available-languages-message qtranxs-available-languages-message-en\">Sorry, this entry is only available in <a href=\"https:\/\/civita.com.mx\/es\/wp-json\/wp\/v2\/pages\/9171\" class=\"qtranxs-available-language-link qtranxs-available-language-link-es\" title=\"Espa\u00f1ol\">European Spanish<\/a>.<\/p>","protected":false},"excerpt":{"rendered":"<p>Sorry, this entry is only available in European Spanish.<\/p>\n","protected":false},"author":5,"featured_media":0,"parent":0,"menu_order":0,"comment_status":"closed","ping_status":"closed","template":"","meta":[],"yoast_head":"<!-- This site is optimized with the Yoast SEO plugin v16.1.1 - https:\/\/yoast.com\/wordpress\/plugins\/seo\/ -->\n<title>Corporate Sustainability - C\u00cdVITA Sustainable Buildings<\/title>\n<meta name=\"description\" content=\"C\u00cdVITA contribuye a que se cumplan las siguientes metas de los objetivos de Desarrollo Sostenible. La contribuci\u00f3n se realiza a partir de los servicios de consultor\u00eda que ofrecemos y las acciones de responsabilidad social corporativa que aplicamos en nuestros procesos, con pol\u00edticas internas y con nuestro personal.\" \/>\n<link rel=\"canonical\" href=\"https:\/\/civita.com.mx\/sdg\/\" \/>\n<meta property=\"og:locale\" content=\"en_US\" \/>\n<meta property=\"og:type\" content=\"article\" \/>\n<meta property=\"og:title\" content=\"[:es]Objetivos de Desarrollo Sostenible[:en]Corporate Sustainability[:] - C\u00cdVITA Sustainable Buildings\" \/>\n<meta property=\"og:description\" content=\"C\u00cdVITA contribuye a que se cumplan las siguientes metas de los objetivos de Desarrollo Sostenible. La contribuci\u00f3n se realiza a partir de los servicios de consultor\u00eda que ofrecemos y las acciones de responsabilidad social corporativa que aplicamos en nuestros procesos, con pol\u00edticas internas y con nuestro personal.\" \/>\n<meta property=\"og:url\" content=\"https:\/\/civita.com.mx\/sdg\/\" \/>\n<meta property=\"og:site_name\" content=\"C\u00cdVITA Sustainable Buildings\" \/>\n<meta property=\"article:modified_time\" content=\"2021-01-22T16:57:57+00:00\" \/>\n<meta property=\"og:image\" content=\"https:\/\/civita.com.mx\/wp-content\/uploads\/2020\/06\/arc-energy-score-300x93.jpg\" \/>\n<meta name=\"twitter:card\" content=\"summary_large_image\" \/>\n<meta name=\"twitter:label1\" content=\"Est. reading time\">\n\t<meta name=\"twitter:data1\" content=\"16 minutes\">\n<script type=\"application\/ld+json\" class=\"yoast-schema-graph\">{\"@context\":\"https:\/\/schema.org\",\"@graph\":[{\"@type\":\"WebSite\",\"@id\":\"https:\/\/civita.com.mx\/#website\",\"url\":\"https:\/\/civita.com.mx\/\",\"name\":\"C\\u00cdVITA Sustainable Buildings\",\"description\":\"Corporate sustainability, certifications, energy efficiency, commissioning, sustainable design and more..\",\"potentialAction\":[{\"@type\":\"SearchAction\",\"target\":\"https:\/\/civita.com.mx\/?s={search_term_string}\",\"query-input\":\"required name=search_term_string\"}],\"inLanguage\":\"en-US\"},{\"@type\":\"ImageObject\",\"@id\":\"https:\/\/civita.com.mx\/sdg\/#primaryimage\",\"inLanguage\":\"en-US\",\"url\":\"https:\/\/civita.com.mx\/wp-content\/uploads\/2020\/06\/arc-energy-score.jpg\",\"contentUrl\":\"https:\/\/civita.com.mx\/wp-content\/uploads\/2020\/06\/arc-energy-score.jpg\",\"width\":687,\"height\":212},{\"@type\":\"WebPage\",\"@id\":\"https:\/\/civita.com.mx\/sdg\/#webpage\",\"url\":\"https:\/\/civita.com.mx\/sdg\/\",\"name\":\"[:es]Objetivos de Desarrollo Sostenible[:en]Corporate Sustainability[:] - C\\u00cdVITA Sustainable Buildings\",\"isPartOf\":{\"@id\":\"https:\/\/civita.com.mx\/#website\"},\"primaryImageOfPage\":{\"@id\":\"https:\/\/civita.com.mx\/sdg\/#primaryimage\"},\"datePublished\":\"2020-04-27T16:48:04+00:00\",\"dateModified\":\"2021-01-22T16:57:57+00:00\",\"description\":\"C\\u00cdVITA contribuye a que se cumplan las siguientes metas de los objetivos de Desarrollo Sostenible. La contribuci\\u00f3n se realiza a partir de los servicios de consultor\\u00eda que ofrecemos y las acciones de responsabilidad social corporativa que aplicamos en nuestros procesos, con pol\\u00edticas internas y con nuestro personal.\",\"breadcrumb\":{\"@id\":\"https:\/\/civita.com.mx\/sdg\/#breadcrumb\"},\"inLanguage\":\"en-US\",\"potentialAction\":[{\"@type\":\"ReadAction\",\"target\":[\"https:\/\/civita.com.mx\/sdg\/\"]}]},{\"@type\":\"BreadcrumbList\",\"@id\":\"https:\/\/civita.com.mx\/sdg\/#breadcrumb\",\"itemListElement\":[{\"@type\":\"ListItem\",\"position\":1,\"item\":{\"@type\":\"WebPage\",\"@id\":\"https:\/\/civita.com.mx\/\",\"url\":\"https:\/\/civita.com.mx\/\",\"name\":\"Portada\"}},{\"@type\":\"ListItem\",\"position\":2,\"item\":{\"@type\":\"WebPage\",\"@id\":\"https:\/\/civita.com.mx\/sdg\/\",\"url\":\"https:\/\/civita.com.mx\/sdg\/\",\"name\":\"Objetivos de Desarrollo Sostenible\"}}]}]}<\/script>\n<!-- \/ Yoast SEO plugin. -->","_links":{"self":[{"href":"https:\/\/civita.com.mx\/en\/wp-json\/wp\/v2\/pages\/9171"}],"collection":[{"href":"https:\/\/civita.com.mx\/en\/wp-json\/wp\/v2\/pages"}],"about":[{"href":"https:\/\/civita.com.mx\/en\/wp-json\/wp\/v2\/types\/page"}],"author":[{"embeddable":true,"href":"https:\/\/civita.com.mx\/en\/wp-json\/wp\/v2\/users\/5"}],"replies":[{"embeddable":true,"href":"https:\/\/civita.com.mx\/en\/wp-json\/wp\/v2\/comments?post=9171"}],"version-history":[{"count":0,"href":"https:\/\/civita.com.mx\/en\/wp-json\/wp\/v2\/pages\/9171\/revisions"}],"wp:attachment":[{"href":"https:\/\/civita.com.mx\/en\/wp-json\/wp\/v2\/media?parent=9171"}],"curies":[{"name":"wp","href":"https:\/\/api.w.org\/{rel}","templated":true}]}}