{"id":58,"date":"2016-11-02T11:33:38","date_gmt":"2016-11-02T11:33:38","guid":{"rendered":"http:\/\/demo.qodearena.com\/projects\/laconicwp\/?page_id=58"},"modified":"2023-03-13T14:47:02","modified_gmt":"2023-03-13T20:47:02","slug":"contacto","status":"publish","type":"page","link":"https:\/\/civita.com.mx\/en\/contacto\/","title":{"rendered":"Contact"},"content":{"rendered":"<p>[vc_row full_width=&#8221;stretch_row&#8221; tablets_pt=&#8221;pt-sm-100&#8243; mobile_pt=&#8221;pt-xs-100&#8243; css=&#8221;.vc_custom_1500369705490{background-color: #f2eff1 !important;}&#8221;][vc_column][vc_row_inner desctop_pr=&#8221;padding-md-80r&#8221; tablets_pl=&#8221;padding-sm-80l&#8221; desctop_pt=&#8221;padding-md-120t&#8221; desctop_pb=&#8221;padding-md-70b&#8221; tablets_pt=&#8221;padding-sm-70t&#8221; tablets_pb=&#8221;padding-sm-60b&#8221; mobile_pt=&#8221;padding-xs-70t&#8221; mobile_pb=&#8221;padding-xs-60b&#8221;][vc_column_inner][riga_headline title_font_size=&#8221;50px&#8221; text_font_size=&#8221;14px&#8221; title=&#8221;Get in touch with C\u00cdVITA&#8221; subtitle=&#8221;Where You Can Find Us&#8221; title_color=&#8221;#42252f&#8221; text_color=&#8221;#999999&#8243;]If you need any information or you would like to know more about our services, please leave us a message or call us<\/p>\n<p>We will get in touch with you as soon as possible.[\/riga_headline][\/vc_column_inner][\/vc_row_inner][\/vc_column][\/vc_row][vc_row full_width=&#8221;stretch_row&#8221; desctop_pt=&#8221;pt-md-60&#8243; desctop_pb=&#8221;pb-md-75&#8243; tablets_pt=&#8221;pt-sm-50&#8243; tablets_pb=&#8221;pb-sm-50&#8243; mobile_pt=&#8221;pt-xs-50&#8243; mobile_pb=&#8221;pb-xs-50&#8243; css=&#8221;.vc_custom_1502093973258{border-top-width: 1px !important;border-bottom-width: 1px !important;background-color: #f8f8f8 !important;border-top-color: #eaeaea !important;border-top-style: solid !important;border-bottom-color: #eaeaea !important;border-bottom-style: solid !important;}&#8221;][vc_column width=&#8221;1\/2&#8243; css=&#8221;.vc_custom_1478534273964{padding-top: 0px !important;}&#8221;][vc_row_inner desctop_pb=&#8221;padding-md-20b&#8221;][vc_column_inner][riga_heading title=&#8221;Please leave us a message.&#8221; text_align=&#8221;left&#8221; title_styles=&#8221;custom&#8221; title_font_container=&#8221;font_size:34|color:%23666666&#8243; subtitle_styles=&#8221;custom&#8221; subtitle_font_container=&#8221;font_size:12|color:%23717171&#8243;][\/vc_column_inner][\/vc_row_inner]<div role=\"form\" class=\"wpcf7\" id=\"wpcf7-f260-o2\" lang=\"en-US\" dir=\"ltr\">\n<div class=\"screen-reader-response\"><p role=\"status\" aria-live=\"polite\" aria-atomic=\"true\"><\/p> <ul><\/ul><\/div>\n<form action=\"\/en\/wp-json\/wp\/v2\/pages\/58#wpcf7-f260-o2\" method=\"post\" class=\"wpcf7-form init\" novalidate=\"novalidate\" data-status=\"init\">\n<div style=\"display: none;\">\n<input type=\"hidden\" name=\"_wpcf7\" value=\"260\" \/>\n<input type=\"hidden\" name=\"_wpcf7_version\" value=\"5.4\" \/>\n<input type=\"hidden\" name=\"_wpcf7_locale\" value=\"en_US\" \/>\n<input type=\"hidden\" name=\"_wpcf7_unit_tag\" value=\"wpcf7-f260-o2\" \/>\n<input type=\"hidden\" name=\"_wpcf7_container_post\" value=\"0\" \/>\n<input type=\"hidden\" name=\"_wpcf7_posted_data_hash\" value=\"\" \/>\n<input type=\"hidden\" name=\"_wpcf7_recaptcha_response\" value=\"\" \/>\n<\/div>\n<div class=\"riga-form\">\n<p><span class=\"wpcf7-form-control-wrap your-name\"><input type=\"text\" name=\"your-name\" value=\"\" size=\"40\" class=\"wpcf7-form-control wpcf7-text wpcf7-validates-as-required\" aria-required=\"true\" aria-invalid=\"false\" placeholder=\"Nombre\" \/><\/span><\/p>\n<p><span class=\"wpcf7-form-control-wrap your-email\"><input type=\"email\" name=\"your-email\" value=\"\" size=\"40\" class=\"wpcf7-form-control wpcf7-text wpcf7-email wpcf7-validates-as-required wpcf7-validates-as-email\" aria-required=\"true\" aria-invalid=\"false\" placeholder=\"Email\" \/><\/span><\/p>\n<p><span class=\"wpcf7-form-control-wrap your-tel\"><input type=\"text\" name=\"your-tel\" value=\"\" size=\"40\" class=\"wpcf7-form-control wpcf7-text\" aria-invalid=\"false\" placeholder=\"Tel\u00e9fono (con Lada)\" \/><\/span><\/p>\n<div class=\"textarea\"><span class=\"wpcf7-form-control-wrap your-message\"><textarea name=\"your-message\" cols=\"40\" rows=\"8\" class=\"wpcf7-form-control wpcf7-textarea\" aria-invalid=\"false\" placeholder=\"Mensaje:\"><\/textarea><\/span><\/div>\n<div class=\"form-submit\"><input type=\"submit\" value=\"Enviar\" class=\"wpcf7-form-control wpcf7-submit\" \/><\/div>\n<\/div>\n<div class=\"wpcf7-response-output\" aria-hidden=\"true\"><\/div><\/form><\/div>[\/vc_column][vc_column width=&#8221;1\/2&#8243; css=&#8221;.vc_custom_1502095971544{padding-top: 0px !important;}&#8221; offset=&#8221;vc_col-lg-offset-1 vc_col-lg-5 vc_col-md-offset-0 vc_col-md-12&#8243;][vc_row_inner tablets_pl=&#8221;padding-sm-100l&#8221; desctop_pb=&#8221;padding-md-10b&#8221;][vc_column_inner][riga_heading title=&#8221;Or call us.&#8221; text_align=&#8221;left&#8221; title_styles=&#8221;custom&#8221; title_font_container=&#8221;font_size:34|color:%23666666&#8243; subtitle_styles=&#8221;custom&#8221; subtitle_font_container=&#8221;font_size:12|color:%23717171&#8243;][\/vc_column_inner][\/vc_row_inner][vc_row_inner tablets_pl=&#8221;padding-sm-100l&#8221;][vc_column_inner][riga_contact items=&#8221;%5B%7B%22title%22%3A%22Tel%C3%A9fono%3A%20%22%2C%22text%22%3A%22%2B52%20(33)%203336%202718%5CnDe%20lunes%20a%20viernes%20de%209%20am%20a%206%20pm.%22%7D%5D&#8221;][riga_contact items=&#8221;%5B%7B%22text%22%3A%22En%20este%20n%C3%BAmero%20te%20podemos%20transferir%20a%20cualquiera%20de%20nuestras%20oficinas.%22%7D%5D&#8221;][\/vc_column_inner][\/vc_row_inner][\/vc_column][\/vc_row]<\/p>","protected":false},"excerpt":{"rendered":"<p>[vc_row full_width=&#8221;stretch_row&#8221; tablets_pt=&#8221;pt-sm-100&#8243; mobile_pt=&#8221;pt-xs-100&#8243; css=&#8221;.vc_custom_1500369705490{background-color: #f2eff1 !important;}&#8221;][vc_column][vc_row_inner desctop_pr=&#8221;padding-md-80r&#8221; tablets_pl=&#8221;padding-sm-80l&#8221; desctop_pt=&#8221;padding-md-120t&#8221;&#8230;<\/p>\n","protected":false},"author":1,"featured_media":0,"parent":0,"menu_order":0,"comment_status":"closed","ping_status":"closed","template":"","meta":[],"yoast_head":"<!-- This site is optimized with the Yoast SEO plugin v16.1.1 - https:\/\/yoast.com\/wordpress\/plugins\/seo\/ -->\n<title>Certificaci\u00f3n LEED en M\u00e9xico - Contacto<\/title>\n<meta name=\"description\" content=\"Si necesitas informaci\u00f3n o deseas conocer m\u00e1s sobre nuestros servicios por favor d\u00e9janos un mensaje o ll\u00e1manos.Te responderemos lo m\u00e1s r\u00e1pido posible.\" \/>\n<link rel=\"canonical\" href=\"https:\/\/civita.com.mx\/contacto\/\" \/>\n<meta property=\"og:locale\" content=\"en_US\" \/>\n<meta property=\"og:type\" content=\"article\" \/>\n<meta property=\"og:title\" content=\"Certificaci\u00f3n LEED en M\u00e9xico - Contacto\" \/>\n<meta property=\"og:description\" content=\"Si necesitas informaci\u00f3n o deseas conocer m\u00e1s sobre nuestros servicios por favor d\u00e9janos un mensaje o ll\u00e1manos.Te responderemos lo m\u00e1s r\u00e1pido posible.\" \/>\n<meta property=\"og:url\" content=\"https:\/\/civita.com.mx\/contacto\/\" \/>\n<meta property=\"og:site_name\" content=\"C\u00cdVITA Sustainable Buildings\" \/>\n<meta property=\"article:modified_time\" content=\"2023-03-13T20:47:02+00:00\" \/>\n<meta name=\"twitter:card\" content=\"summary_large_image\" \/>\n<meta name=\"twitter:label1\" content=\"Est. reading time\">\n\t<meta name=\"twitter:data1\" content=\"1 minute\">\n<script type=\"application\/ld+json\" class=\"yoast-schema-graph\">{\"@context\":\"https:\/\/schema.org\",\"@graph\":[{\"@type\":\"WebSite\",\"@id\":\"https:\/\/civita.com.mx\/#website\",\"url\":\"https:\/\/civita.com.mx\/\",\"name\":\"C\\u00cdVITA Sustainable Buildings\",\"description\":\"Corporate sustainability, certifications, energy efficiency, commissioning, sustainable design and more..\",\"potentialAction\":[{\"@type\":\"SearchAction\",\"target\":\"https:\/\/civita.com.mx\/?s={search_term_string}\",\"query-input\":\"required name=search_term_string\"}],\"inLanguage\":\"en-US\"},{\"@type\":\"WebPage\",\"@id\":\"https:\/\/civita.com.mx\/contacto\/#webpage\",\"url\":\"https:\/\/civita.com.mx\/contacto\/\",\"name\":\"Certificaci\\u00f3n LEED en M\\u00e9xico - Contacto\",\"isPartOf\":{\"@id\":\"https:\/\/civita.com.mx\/#website\"},\"datePublished\":\"2016-11-02T11:33:38+00:00\",\"dateModified\":\"2023-03-13T20:47:02+00:00\",\"description\":\"Si necesitas informaci\\u00f3n o deseas conocer m\\u00e1s sobre nuestros servicios por favor d\\u00e9janos un mensaje o ll\\u00e1manos.Te responderemos lo m\\u00e1s r\\u00e1pido posible.\",\"breadcrumb\":{\"@id\":\"https:\/\/civita.com.mx\/contacto\/#breadcrumb\"},\"inLanguage\":\"en-US\",\"potentialAction\":[{\"@type\":\"ReadAction\",\"target\":[\"https:\/\/civita.com.mx\/contacto\/\"]}]},{\"@type\":\"BreadcrumbList\",\"@id\":\"https:\/\/civita.com.mx\/contacto\/#breadcrumb\",\"itemListElement\":[{\"@type\":\"ListItem\",\"position\":1,\"item\":{\"@type\":\"WebPage\",\"@id\":\"https:\/\/civita.com.mx\/\",\"url\":\"https:\/\/civita.com.mx\/\",\"name\":\"Portada\"}},{\"@type\":\"ListItem\",\"position\":2,\"item\":{\"@type\":\"WebPage\",\"@id\":\"https:\/\/civita.com.mx\/contacto\/\",\"url\":\"https:\/\/civita.com.mx\/contacto\/\",\"name\":\"Contacto\"}}]}]}<\/script>\n<!-- \/ Yoast SEO plugin. -->","_links":{"self":[{"href":"https:\/\/civita.com.mx\/en\/wp-json\/wp\/v2\/pages\/58"}],"collection":[{"href":"https:\/\/civita.com.mx\/en\/wp-json\/wp\/v2\/pages"}],"about":[{"href":"https:\/\/civita.com.mx\/en\/wp-json\/wp\/v2\/types\/page"}],"author":[{"embeddable":true,"href":"https:\/\/civita.com.mx\/en\/wp-json\/wp\/v2\/users\/1"}],"replies":[{"embeddable":true,"href":"https:\/\/civita.com.mx\/en\/wp-json\/wp\/v2\/comments?post=58"}],"version-history":[{"count":5,"href":"https:\/\/civita.com.mx\/en\/wp-json\/wp\/v2\/pages\/58\/revisions"}],"predecessor-version":[{"id":17950,"href":"https:\/\/civita.com.mx\/en\/wp-json\/wp\/v2\/pages\/58\/revisions\/17950"}],"wp:attachment":[{"href":"https:\/\/civita.com.mx\/en\/wp-json\/wp\/v2\/media?parent=58"}],"curies":[{"name":"wp","href":"https:\/\/api.w.org\/{rel}","templated":true}]}}