{"id":52,"date":"2016-11-02T11:32:36","date_gmt":"2016-11-02T11:32:36","guid":{"rendered":"http:\/\/demo.qodearena.com\/projects\/laconicwp\/?page_id=52"},"modified":"2022-03-09T16:00:26","modified_gmt":"2022-03-09T22:00:26","slug":"sobre-nosotros","status":"publish","type":"page","link":"https:\/\/civita.com.mx\/en\/sobre-nosotros\/","title":{"rendered":"About Us"},"content":{"rendered":"<p>[vc_row desctop_pl=&#8221;pl-md-50&#8243; desctop_pr=&#8221;pr-md-50&#8243; tablets_pl=&#8221;pl-sm-25&#8243; tablets_pr=&#8221;pr-sm-25&#8243; desctop_pb=&#8221;pb-md-10&#8243; tablets_pb=&#8221;pb-sm-10&#8243; mobile_pt=&#8221;pt-xs-25&#8243; mobile_pb=&#8221;pb-xs-5&#8243; el_id=&#8221;nosotros-filosofia&#8221;][vc_column][vc_empty_space height=&#8221;120px&#8221;][\/vc_column][\/vc_row][vc_row full_width=&#8221;stretch_row_content_no_spaces&#8221; equal_height=&#8221;yes&#8221; content_placement=&#8221;middle&#8221; css=&#8221;.vc_custom_1605285425157{background-color: #f2f2f2 !important;}&#8221; el_id=&#8221;nosotros-intro&#8221;][vc_column css=&#8221;.vc_custom_1501831560258{background-image: url(http:\/\/test.viewdemo.co\/wp\/riga\/\/wp-content\/uploads\/2016\/11\/O6PHIU0.png?id=528) !important;background-position: center !important;background-repeat: no-repeat !important;background-size: cover !important;}&#8221; offset=&#8221;vc_col-lg-6&#8243;][vc_single_image image=&#8221;1207&#8243; img_size=&#8221;full&#8221; alignment=&#8221;center&#8221; css=&#8221;.vc_custom_1534469782710{margin-bottom: 0px !important;}&#8221;][\/vc_column][vc_column offset=&#8221;vc_col-lg-6&#8243; el_class=&#8221;nosotros-titulo&#8221;][riga_heading title=&#8221;Improving cities,<br \/>\none building at a time.&#8221; vert_center=&#8221;vert-center&#8221; text_align=&#8221;left&#8221; title_styles=&#8221;custom&#8221; title_font_container=&#8221;font_size:50px|color:%23666666&#8243; subtitle_styles=&#8221;custom&#8221; subtitle_font_container=&#8221;font_size:13px|color:%23737373&#8243; height_style=&#8221;large-height&#8221; style_text=&#8221;light&#8221; font_size_text=&#8221;large-font&#8221; title_google_fonts=&#8221;font_family:Oswald%3A300%2Cregular%2C700|font_style:400%20regular%3A400%3Anormal&#8221; subtitle_google_fonts=&#8221;font_family:Montserrat%3Aregular%2C700|font_style:400%20regular%3A400%3Anormal&#8221;][\/vc_column][\/vc_row][vc_row desctop_pl=&#8221;pl-md-50&#8243; desctop_pr=&#8221;pr-md-50&#8243; tablets_pl=&#8221;pl-sm-25&#8243; tablets_pr=&#8221;pr-sm-25&#8243; desctop_pb=&#8221;pb-md-10&#8243; tablets_pb=&#8221;pb-sm-10&#8243; mobile_pt=&#8221;pt-xs-25&#8243; mobile_pb=&#8221;pb-xs-5&#8243;][vc_column][riga_headline title=&#8221;Our Philosophy&#8221;]<\/p>\n<p style=\"text-align: left;\">At <strong>C\u00cdVITA<\/strong>, our vision for the future is the regeneration of the urban environment towards sustainable development as a response to the global need for immediate action against climate change. In order to make this vision a reality, our commitment is to add value to our clients&#8217; projects, providing high-quality professional services which contribute to the mitigation of environmental problems and improving quality of life for people. Our actions will be reflected in the existence of healthy and environmentally responsible spaces where we can live, work, study and create wellbeing for society.<\/p>\n<p style=\"text-align: left;\">Our fundamental values are: integrity, knowledge, quality, creation of value, wellbeing, realization and change.<\/p>\n<p>[\/riga_headline][vc_empty_space][riga_headline title=&#8221;VALUES WE PRACTICE ON A DAILY BASIS ARE:&#8221;][\/riga_headline][\/vc_column][\/vc_row][vc_row full_width=&#8221;stretch_row&#8221; desctop_pt=&#8221;pt-md-60&#8243; desctop_pb=&#8221;pb-md-100&#8243; mobile_pt=&#8221;pt-xs-30&#8243; mobile_pb=&#8221;pb-xs-30&#8243; css=&#8221;.vc_custom_1604682929691{background-color: #d8d6d7 !important;}&#8221;][vc_column width=&#8221;1\/6&#8243; tablets_mt=&#8221;mt-sm-30&#8243; tablets_mb=&#8221;mb-sm-30&#8243; mobile_mt=&#8221;mt-xs-30&#8243; mobile_mb=&#8221;mb-xs-30&#8243; css=&#8221;.vc_custom_1499689913048{padding-top: 0px !important;}&#8221;][riga_icon_text icon_type=&#8221;ion&#8221; icon_ion=&#8221;ion-ios-list-outline&#8221; style=&#8221;custom&#8221; title=&#8221;Honesty&#8221; content_color=&#8221;#8f8a8e&#8221; icon_bgcolor=&#8221;#ffffff&#8221; icon_color=&#8221;#ffffff&#8221; icon_bordercolor=&#8221;&#8221; title_color=&#8221;#ffffff&#8221;][\/vc_column][vc_column width=&#8221;1\/6&#8243; tablets_mt=&#8221;mt-sm-30&#8243; tablets_mb=&#8221;mb-sm-30&#8243; mobile_mt=&#8221;mt-xs-30&#8243; mobile_mb=&#8221;mb-xs-30&#8243; css=&#8221;.vc_custom_1499689930088{padding-top: 0px !important;}&#8221;][riga_icon_text icon_type=&#8221;ion&#8221; icon_ion=&#8221;ion-ios-people&#8221; style=&#8221;custom&#8221; title=&#8221;Collaboration&#8221; content_color=&#8221;#8f8a8e&#8221; icon_bgcolor=&#8221;#ffffff&#8221; icon_color=&#8221;#ffffff&#8221; icon_bordercolor=&#8221;&#8221; title_color=&#8221;#ffffff&#8221;][\/vc_column][vc_column width=&#8221;1\/6&#8243; tablets_mt=&#8221;mt-sm-30&#8243; tablets_mb=&#8221;mb-sm-30&#8243; mobile_mt=&#8221;mt-xs-30&#8243; mobile_mb=&#8221;mb-xs-30&#8243; css=&#8221;.vc_custom_1499689939992{padding-top: 0px !important;}&#8221;][riga_icon_text icon_type=&#8221;ion&#8221; icon_ion=&#8221;ion-android-lock&#8221; style=&#8221;custom&#8221; title=&#8221;Responsibility&#8221; content_color=&#8221;#8f8a8e&#8221; icon_color=&#8221;#ffffff&#8221; icon_bordercolor=&#8221;&#8221; title_color=&#8221;#ffffff&#8221;][\/vc_column][vc_column width=&#8221;1\/6&#8243; tablets_mt=&#8221;mt-sm-30&#8243; tablets_mb=&#8221;mb-sm-30&#8243; mobile_mt=&#8221;mt-xs-30&#8243; mobile_mb=&#8221;mb-xs-30&#8243; css=&#8221;.vc_custom_1499689947472{padding-top: 0px !important;}&#8221;][riga_icon_text icon_type=&#8221;ion&#8221; icon_ion=&#8221;ion-ios-lightbulb-outline&#8221; style=&#8221;custom&#8221; title=&#8221;Ingenuity&#8221; content_color=&#8221;#8f8a8e&#8221; icon_color=&#8221;#ffffff&#8221; icon_bordercolor=&#8221;&#8221; title_color=&#8221;#ffffff&#8221;][\/vc_column][vc_column width=&#8221;1\/6&#8243; el_class=&#8221;padding-0&#8243;][riga_icon_text icon_type=&#8221;ion&#8221; icon_ion=&#8221;ion-leaf&#8221; style=&#8221;custom&#8221; title=&#8221;Freedom&#8221; content_color=&#8221;#8f8a8e&#8221; icon_color=&#8221;#ffffff&#8221; icon_bordercolor=&#8221;&#8221; title_color=&#8221;#ffffff&#8221;][\/vc_column][vc_column width=&#8221;1\/6&#8243; el_class=&#8221;padding-0&#8243;][riga_icon_text icon_type=&#8221;ion&#8221; icon_ion=&#8221;ion-checkmark-circled&#8221; style=&#8221;custom&#8221; title=&#8221;Respect&#8221; content_color=&#8221;#8f8a8e&#8221; icon_color=&#8221;#ffffff&#8221; icon_bordercolor=&#8221;&#8221; title_color=&#8221;#ffffff&#8221;][\/vc_column][\/vc_row][vc_row desctop_pt=&#8221;pt-md-45&#8243; el_class=&#8221;.contenido-nosotros&#8221;][vc_column][vc_empty_space height=&#8221;20px&#8221;][riga_headline el_class=&#8221;nosotros-calidad&#8221; title=&#8221;Quality&#8221;]<\/p>\n<p style=\"text-align: left;\">We practice a work culture in which our job is always interesting and gratifying. We enjoy work as much as free time.<\/p>\n<p style=\"text-align: left;\"><strong>Total Quality<\/strong> in everything we do and how we do it is our strategy to guarantee long term growth and profitability for the company, ensuring full customer satisfaction and eliminating any inefficiency. Achievieng quality in every task gives us personal satisfaction and creates value for our customers<\/p>\n<p>[\/riga_headline][vc_empty_space][riga_headline el_class=&#8221;nosotros-asesores&#8221; title=&#8221;Professional Consultants&#8221;]<\/p>\n<p style=\"text-align: left;\">We offer professional advisory of which we can feel proud, at the same time we solve our clients&#8217; needs and care for the world hat we live in. People who ork at CIVITA form part of a select group of professionals, we hire the best, passionate and motivated to show their qualities in everything they do, as well as the satisfaction in being surrounded by people who share the love for a job well done.<\/p>\n<p style=\"text-align: left;\"><strong>C\u00cdVITA&#8217;s<\/strong> team has international credentials as design, construction and operation professionals.<\/p>\n<p>[\/riga_headline][vc_empty_space][\/vc_column][\/vc_row][vc_row el_class=&#8221;nosotros-empresas&#8221;][vc_column][riga_headline title=&#8221;Our clients&#8221;]<\/p>\n<p style=\"text-align: left;\">We have worked for world renowned companies who seek for the best service providers and which have a serious commitment with sustainability and cost effectiveness for their business.<\/p>\n<p>[\/riga_headline][\/vc_column][\/vc_row][vc_row][vc_column width=&#8221;1\/3&#8243;][\/vc_column][vc_column width=&#8221;2\/3&#8243;][vc_images_carousel images=&#8221;7851,7672,7671,7670,7669,7668,7667,7666,7665,7664,7663&#8243; img_size=&#8221;medium&#8221;][\/vc_column][\/vc_row][vc_row][vc_column][vc_empty_space][vc_column_text]<\/p>\n<h3 style=\"text-align: center;\">C\u00edvita is a member of:<\/h3>\n<p>[\/vc_column_text][\/vc_column][\/vc_row][vc_row][vc_column width=&#8221;1\/4&#8243;][vc_single_image image=&#8221;9398&#8243; alignment=&#8221;center&#8221;][\/vc_column][vc_column width=&#8221;1\/4&#8243;][vc_single_image image=&#8221;9410&#8243; alignment=&#8221;center&#8221;][\/vc_column][vc_column width=&#8221;1\/4&#8243;][vc_single_image image=&#8221;9413&#8243; img_size=&#8221;full&#8221; alignment=&#8221;center&#8221;][\/vc_column][vc_column width=&#8221;1\/4&#8243;][vc_single_image image=&#8221;9402&#8243; alignment=&#8221;center&#8221;][\/vc_column][\/vc_row][vc_row][vc_column width=&#8221;1\/3&#8243;][vc_single_image image=&#8221;9403&#8243; alignment=&#8221;center&#8221;][\/vc_column][vc_column width=&#8221;1\/3&#8243;][vc_single_image image=&#8221;9404&#8243; alignment=&#8221;center&#8221;][\/vc_column][vc_column width=&#8221;1\/3&#8243;][vc_single_image image=&#8221;9989&#8243; img_size=&#8221;medium&#8221; alignment=&#8221;center&#8221;][\/vc_column][\/vc_row][vc_row][vc_column][vc_empty_space][riga_headline title=&#8221;CORPORATE SUSTAINABILITY&#8221;]<\/p>\n<h4 style=\"text-align: center;\">Our contribution to the Sustainable Development Goals<\/h4>\n<p>&nbsp;<\/p>\n<p style=\"text-align: left;\">C\u00cdVITA is commited to contribute to climate change mitigation. Our philosophy acknowledges universal responsibility towards future generations.<\/p>\n<p style=\"text-align: left;\">How does C\u00cdVITA contribute to the achievement of the <a href=\"https:\/\/civita.com.mx\/sustentabilidad-corporativa\/\">Sustainable Development Goals (SDG)<\/a>?<\/p>\n<p>[\/riga_headline][vc_empty_space][vc_single_image image=&#8221;11698&#8243; img_size=&#8221;large&#8221; alignment=&#8221;center&#8221; onclick=&#8221;custom_link&#8221; link=&#8221;https:\/\/civita.com.mx\/sustentabilidad-corporativa\/&#8221;][vc_empty_space][riga_headline]<\/p>\n<h4 style=\"text-align: center;\">Our carbon footprint<\/h4>\n<p>&nbsp;<\/p>\n<p style=\"text-align: left;\">We calculate our 2018 and 2019\u2019 carbon footprint using the methodology \u201c<a href=\"https:\/\/ghgprotocol.org\/corporate-standard\"><em>A Corporate Accounting and Reporting Standard<\/em><\/a>\u201d. In 2019 we mitigated 4.40 t CO<sub>2<\/sub>e, achieving by this way, a reduction of 20% regarding to our 2018 emissions.<\/p>\n<p style=\"text-align: left;\">Our main strategies to achieve the reduction were:<\/p>\n<ul style=\"text-align: left;\">\n<li>Optimal travel planning<\/li>\n<li>Waste management<\/li>\n<li>Energy efficiency and solar panels installation<\/li>\n<li>Priority to use alternative means of transport<\/li>\n<\/ul>\n<p style=\"text-align: left;\">If you want to know more about our carbon footprint, we invite you to read the <a href=\"https:\/\/civita.com.mx\/reduccion-de-nuestra-huella-de-carbono\/\">article.<\/a><\/p>\n<p>[\/riga_headline][vc_empty_space][vc_single_image image=&#8221;9488&#8243; img_size=&#8221;large&#8221; alignment=&#8221;center&#8221; onclick=&#8221;custom_link&#8221; link=&#8221;https:\/\/civita.com.mx\/reduccion-de-nuestra-huella-de-carbono\/&#8221;][vc_empty_space][riga_headline]<\/p>\n<p style=\"text-align: center;\"><strong>Case study: C\u00cdVITA office certification. <\/strong><strong>(LEED v4.1 O+M: Interiors)<\/strong><\/p>\n<p>&nbsp;<\/p>\n<p style=\"text-align: left;\">Our office\u00a0was the first project worldwide to achieve LEED v4.1 O+M: Interiors, Platinum.<\/p>\n<p style=\"text-align: left;\">We invite you to read our <a href=\"https:\/\/www.usgbc.org\/resources\/case-study-c%C3%ADvita\">case study<\/a>. When reading it, you can earn GBCI CE hours on\u00a0<a href=\"https:\/\/www.usgbc.org\/education\/sessions\/caso-de-estudio-c%C3%ADvita-12532846\">Education @USGBC<\/a>.<\/p>\n<p style=\"text-align: left;\">Also, you can review the <a href=\"https:\/\/civita.com.mx\/en\/proyectos\/oficina-civita\/\">environmental performance<\/a> in our <a href=\"https:\/\/civita.com.mx\/en\/proyectos\/\">project\u2019s section<\/a>.<\/p>\n<p>[\/riga_headline][\/vc_column][\/vc_row][vc_row][vc_column][vc_empty_space][vc_single_image image=&#8221;11690&#8243; img_size=&#8221;large&#8221; alignment=&#8221;center&#8221; onclick=&#8221;custom_link&#8221; link=&#8221;https:\/\/www.usgbc.org\/resources\/case-study-c%C3%ADvita&#8221;][vc_empty_space height=&#8221;60px&#8221;][\/vc_column][\/vc_row]<\/p>","protected":false},"excerpt":{"rendered":"<p>[vc_row desctop_pl=&#8221;pl-md-50&#8243; desctop_pr=&#8221;pr-md-50&#8243; tablets_pl=&#8221;pl-sm-25&#8243; tablets_pr=&#8221;pr-sm-25&#8243; desctop_pb=&#8221;pb-md-10&#8243; tablets_pb=&#8221;pb-sm-10&#8243; mobile_pt=&#8221;pt-xs-25&#8243; mobile_pb=&#8221;pb-xs-5&#8243; el_id=&#8221;nosotros-filosofia&#8221;][vc_column][vc_empty_space&#8230;<\/p>\n","protected":false},"author":1,"featured_media":0,"parent":0,"menu_order":0,"comment_status":"closed","ping_status":"closed","template":"","meta":[],"yoast_head":"<!-- This site is optimized with the Yoast SEO plugin v16.1.1 - https:\/\/yoast.com\/wordpress\/plugins\/seo\/ -->\n<title>C\u00cdVITA Sustainable Buildings<\/title>\n<meta name=\"description\" content=\"En C\u00cdVITA, nuestra visi\u00f3n a futuro es la regeneraci\u00f3n del entorno urbano hacia el desarrollo sustentable como respuesta a la necesidad global\" \/>\n<link rel=\"canonical\" href=\"https:\/\/civita.com.mx\/sobre-nosotros\/\" \/>\n<meta property=\"og:locale\" content=\"en_US\" \/>\n<meta property=\"og:type\" content=\"article\" \/>\n<meta property=\"og:title\" content=\"C\u00cdVITA Sustainable Buildings\" \/>\n<meta property=\"og:description\" content=\"En C\u00cdVITA, nuestra visi\u00f3n a futuro es la regeneraci\u00f3n del entorno urbano hacia el desarrollo sustentable como respuesta a la necesidad global\" \/>\n<meta property=\"og:url\" content=\"https:\/\/civita.com.mx\/sobre-nosotros\/\" \/>\n<meta property=\"og:site_name\" content=\"C\u00cdVITA Sustainable Buildings\" \/>\n<meta property=\"article:modified_time\" content=\"2022-03-09T22:00:26+00:00\" \/>\n<meta name=\"twitter:card\" content=\"summary_large_image\" \/>\n<meta name=\"twitter:label1\" content=\"Est. reading time\">\n\t<meta name=\"twitter:data1\" content=\"3 minutes\">\n<script type=\"application\/ld+json\" class=\"yoast-schema-graph\">{\"@context\":\"https:\/\/schema.org\",\"@graph\":[{\"@type\":\"WebSite\",\"@id\":\"https:\/\/civita.com.mx\/#website\",\"url\":\"https:\/\/civita.com.mx\/\",\"name\":\"C\\u00cdVITA Sustainable Buildings\",\"description\":\"Corporate sustainability, certifications, energy efficiency, commissioning, sustainable design and more..\",\"potentialAction\":[{\"@type\":\"SearchAction\",\"target\":\"https:\/\/civita.com.mx\/?s={search_term_string}\",\"query-input\":\"required name=search_term_string\"}],\"inLanguage\":\"en-US\"},{\"@type\":\"WebPage\",\"@id\":\"https:\/\/civita.com.mx\/sobre-nosotros\/#webpage\",\"url\":\"https:\/\/civita.com.mx\/sobre-nosotros\/\",\"name\":\"C\\u00cdVITA Sustainable Buildings\",\"isPartOf\":{\"@id\":\"https:\/\/civita.com.mx\/#website\"},\"datePublished\":\"2016-11-02T11:32:36+00:00\",\"dateModified\":\"2022-03-09T22:00:26+00:00\",\"description\":\"En C\\u00cdVITA, nuestra visi\\u00f3n a futuro es la regeneraci\\u00f3n del entorno urbano hacia el desarrollo sustentable como respuesta a la necesidad global\",\"breadcrumb\":{\"@id\":\"https:\/\/civita.com.mx\/sobre-nosotros\/#breadcrumb\"},\"inLanguage\":\"en-US\",\"potentialAction\":[{\"@type\":\"ReadAction\",\"target\":[\"https:\/\/civita.com.mx\/sobre-nosotros\/\"]}]},{\"@type\":\"BreadcrumbList\",\"@id\":\"https:\/\/civita.com.mx\/sobre-nosotros\/#breadcrumb\",\"itemListElement\":[{\"@type\":\"ListItem\",\"position\":1,\"item\":{\"@type\":\"WebPage\",\"@id\":\"https:\/\/civita.com.mx\/\",\"url\":\"https:\/\/civita.com.mx\/\",\"name\":\"Portada\"}},{\"@type\":\"ListItem\",\"position\":2,\"item\":{\"@type\":\"WebPage\",\"@id\":\"https:\/\/civita.com.mx\/sobre-nosotros\/\",\"url\":\"https:\/\/civita.com.mx\/sobre-nosotros\/\",\"name\":\"Sobre Nosotros\"}}]}]}<\/script>\n<!-- \/ Yoast SEO plugin. -->","_links":{"self":[{"href":"https:\/\/civita.com.mx\/en\/wp-json\/wp\/v2\/pages\/52"}],"collection":[{"href":"https:\/\/civita.com.mx\/en\/wp-json\/wp\/v2\/pages"}],"about":[{"href":"https:\/\/civita.com.mx\/en\/wp-json\/wp\/v2\/types\/page"}],"author":[{"embeddable":true,"href":"https:\/\/civita.com.mx\/en\/wp-json\/wp\/v2\/users\/1"}],"replies":[{"embeddable":true,"href":"https:\/\/civita.com.mx\/en\/wp-json\/wp\/v2\/comments?post=52"}],"version-history":[{"count":1,"href":"https:\/\/civita.com.mx\/en\/wp-json\/wp\/v2\/pages\/52\/revisions"}],"predecessor-version":[{"id":13898,"href":"https:\/\/civita.com.mx\/en\/wp-json\/wp\/v2\/pages\/52\/revisions\/13898"}],"wp:attachment":[{"href":"https:\/\/civita.com.mx\/en\/wp-json\/wp\/v2\/media?parent=52"}],"curies":[{"name":"wp","href":"https:\/\/api.w.org\/{rel}","templated":true}]}}