{"id":11499,"date":"2020-10-23T14:12:45","date_gmt":"2020-10-23T19:12:45","guid":{"rendered":"https:\/\/civita.com.mx\/?page_id=11499"},"modified":"2021-04-06T10:28:25","modified_gmt":"2021-04-06T15:28:25","slug":"oficinas","status":"publish","type":"page","link":"https:\/\/civita.com.mx\/en\/servicios\/oficinas\/","title":{"rendered":"Offices"},"content":{"rendered":"<p>[vc_row][vc_column][vc_empty_space height=&#8221;132px&#8221;][\/vc_column][\/vc_row][vc_row][vc_column][riga_heading title=&#8221;Offices &#8220;][vc_empty_space][vc_single_image image=&#8221;10765&#8243; img_size=&#8221;full&#8221; alignment=&#8221;center&#8221;][\/vc_column][\/vc_row][vc_row][vc_column][vc_column_text]The benefits of green or sustainable offices are beyond reduced operating costs and energy savings. Increased productivity and staff commitment are among the most important benefits that have been proven in recent studies. When offices implement measures to reduce their environmental footprint, they also reduce average sick days per employee and their associated costs. At the same time, the satisfaction and well-being of the occupants increases, being a primary factor of employee retention.<\/p>\n<p>If you are looking to exploit your office\u2019 potential, C\u00cdVITA provides the following services for new and existing offices:[\/vc_column_text][\/vc_column][\/vc_row][vc_row][vc_column width=&#8221;1\/4&#8243;][vc_empty_space height=&#8221;12px&#8221;][vc_single_image image=&#8221;10288&#8243; alignment=&#8221;center&#8221; onclick=&#8221;custom_link&#8221; link=&#8221;https:\/\/civita.com.mx\/servicios\/#calidad&#8221;][\/vc_column][vc_column width=&#8221;3\/4&#8243;][vc_column_text]<a href=\"https:\/\/civita.com.mx\/calidad-ambiental-interior\/#ventilacion\">Natural ventilation calculations and simulation<\/a><\/p>\n<p><a href=\"https:\/\/civita.com.mx\/calidad-ambiental-interior\/#asoleamiento\">Daylight, sunlight, and overshadowing assessments<\/a><\/p>\n<p><a href=\"https:\/\/civita.com.mx\/calidad-ambiental-interior\/#aire\">Indoor air quality assessment<\/a><\/p>\n<p><a href=\"https:\/\/civita.com.mx\/calidad-ambiental-interior\/#confort\">Thermal comfort assessment<\/a><\/p>\n<p><a href=\"https:\/\/civita.com.mx\/calidad-ambiental-interior\/#limpieza\">Cleaning Audit<\/a>[\/vc_column_text][\/vc_column][\/vc_row][vc_row][vc_column width=&#8221;1\/4&#8243;][vc_single_image image=&#8221;10290&#8243; alignment=&#8221;center&#8221; onclick=&#8221;custom_link&#8221; link=&#8221;https:\/\/civita.com.mx\/servicios\/#eficiencia&#8221;][\/vc_column][vc_column width=&#8221;3\/4&#8243;][vc_column_text]<a href=\"https:\/\/civita.com.mx\/desempeno-energetico\/#diagnostico\">Energy efficiency consulting and diagnostics<\/a><\/p>\n<p><a href=\"https:\/\/civita.com.mx\/desempeno-energetico\/#simulaciones\">Energy simulations<\/a><\/p>\n<p><a href=\"https:\/\/civita.com.mx\/desempeno-energetico\/#gestion\">Energy Management Systems (ISO 50001)<\/a><\/p>\n<p><a href=\"https:\/\/civita.com.mx\/desempeno-energetico\/#auditoria\">ASHRAE energy audit<\/a>[\/vc_column_text][\/vc_column][\/vc_row][vc_row][vc_column width=&#8221;1\/4&#8243;][vc_empty_space height=&#8221;12px&#8221;][vc_single_image image=&#8221;10291&#8243; alignment=&#8221;center&#8221; onclick=&#8221;custom_link&#8221; link=&#8221;https:\/\/civita.com.mx\/servicios\/#asesoria&#8221;][\/vc_column][vc_column width=&#8221;3\/4&#8243;][vc_column_text]<a href=\"https:\/\/civita.com.mx\/servicios\/sustentabilidad-corporativa\/#sustentabilidad\">Corporate sustainability strategy<\/a><\/p>\n<p><a href=\"https:\/\/civita.com.mx\/sustentabilidad-corporativa\/#ods\">Sustainable Development Goals and Global Compact<\/a><\/p>\n<p><a href=\"https:\/\/civita.com.mx\/servicios\/sustentabilidad-corporativa\/#benchmarking\">Environmental benchmarking of properties portfolio<\/a><\/p>\n<p><a href=\"https:\/\/civita.com.mx\/servicios\/sustentabilidad-corporativa\/#carbono\">Carbon Footprint Calculations<\/a><\/p>\n<p><a href=\"https:\/\/civita.com.mx\/servicios\/sustentabilidad-corporativa\/#residuos\">Waste management<\/a><\/p>\n<p><a href=\"https:\/\/civita.com.mx\/servicios\/sustentabilidad-corporativa\/#residuos\">Manejo de residuos<\/a>[\/vc_column_text][\/vc_column][\/vc_row][vc_row][vc_column width=&#8221;1\/4&#8243;][vc_single_image image=&#8221;10293&#8243; alignment=&#8221;center&#8221; onclick=&#8221;custom_link&#8221; link=&#8221;https:\/\/civita.com.mx\/servicios\/#cx&#8221;][\/vc_column][vc_column width=&#8221;3\/4&#8243;][vc_empty_space height=&#8221;50px&#8221;][vc_column_text]<a href=\"https:\/\/civita.com.mx\/servicios\/#cx\">Commissioning<\/a>[\/vc_column_text][\/vc_column][\/vc_row][vc_row][vc_column][vc_column_text]C\u00cdVITA offers advice to obtain the following\u00a0<a href=\"https:\/\/civita.com.mx\/servicios\/#certificaciones\">certifications<\/a>:[\/vc_column_text][vc_single_image image=&#8221;11506&#8243; img_size=&#8221;large&#8221; alignment=&#8221;center&#8221; onclick=&#8221;custom_link&#8221; link=&#8221;https:\/\/civita.com.mx\/servicios\/#certificaciones&#8221;][\/vc_column][\/vc_row][vc_row][vc_column][vc_column_text]We recommend the following case studies:<\/p>\n<p><a href=\"https:\/\/www.worldgbc.org\/better-places-people\/green-healthy-work-spaces\" class=\"broken_link\">Green &amp; Healthy Work Spaces<\/a><\/p>\n<p><a href=\"https:\/\/www.worldgbc.org\/news-media\/building-business-case-health-wellbeing-and-productivity-green-offices\" class=\"broken_link\">Building the Business Case: Health, Wellbeing and Productivity in Green Offices <\/a>[\/vc_column_text][\/vc_column][\/vc_row][vc_row][vc_column]<div class=\"templatera_shortcode\"><p class=\"qtranxs-available-languages-message qtranxs-available-languages-message-en\">Sorry, this entry is only available in <a href=\"https:\/\/civita.com.mx\/es\/wp-json\/wp\/v2\/pages\/11499\" class=\"qtranxs-available-language-link qtranxs-available-language-link-es\" title=\"Espa\u00f1ol\">European Spanish<\/a>.<\/p><\/div>[\/vc_column][\/vc_row]<\/p>","protected":false},"excerpt":{"rendered":"[riga_heading title=\"Offices \"] The benefits of green or sustainable offices...","protected":false},"author":8,"featured_media":0,"parent":56,"menu_order":0,"comment_status":"closed","ping_status":"closed","template":"","meta":[],"yoast_head":"<!-- This site is optimized with the Yoast SEO plugin v16.1.1 - https:\/\/yoast.com\/wordpress\/plugins\/seo\/ -->\n<title>Los beneficios de las oficinas verdes o sustentables<\/title>\n<meta name=\"description\" content=\"Los beneficios de las oficinas verdes o sustentables van m\u00e1s all\u00e1 de la reducci\u00f3n de gastos operativos y el ahorro de energ\u00eda.\" \/>\n<link rel=\"canonical\" href=\"https:\/\/civita.com.mx\/en\/servicios\/oficinas\/\" \/>\n<meta property=\"og:locale\" content=\"en_US\" \/>\n<meta property=\"og:type\" content=\"article\" \/>\n<meta property=\"og:title\" content=\"Los beneficios de las oficinas verdes o sustentables\" \/>\n<meta property=\"og:description\" content=\"Los beneficios de las oficinas verdes o sustentables van m\u00e1s all\u00e1 de la reducci\u00f3n de gastos operativos y el ahorro de energ\u00eda.\" \/>\n<meta property=\"og:url\" content=\"https:\/\/civita.com.mx\/en\/servicios\/oficinas\/\" \/>\n<meta property=\"og:site_name\" content=\"C\u00cdVITA Sustainable Buildings\" \/>\n<meta property=\"article:modified_time\" content=\"2021-04-06T15:28:25+00:00\" \/>\n<meta name=\"twitter:card\" content=\"summary_large_image\" \/>\n<meta name=\"twitter:label1\" content=\"Est. reading time\">\n\t<meta name=\"twitter:data1\" content=\"2 minutes\">\n<script type=\"application\/ld+json\" class=\"yoast-schema-graph\">{\"@context\":\"https:\/\/schema.org\",\"@graph\":[{\"@type\":\"WebSite\",\"@id\":\"https:\/\/civita.com.mx\/#website\",\"url\":\"https:\/\/civita.com.mx\/\",\"name\":\"C\\u00cdVITA Sustainable Buildings\",\"description\":\"Corporate sustainability, certifications, energy efficiency, commissioning, sustainable design and more..\",\"potentialAction\":[{\"@type\":\"SearchAction\",\"target\":\"https:\/\/civita.com.mx\/?s={search_term_string}\",\"query-input\":\"required name=search_term_string\"}],\"inLanguage\":\"en-US\"},{\"@type\":\"WebPage\",\"@id\":\"https:\/\/civita.com.mx\/en\/servicios\/oficinas\/#webpage\",\"url\":\"https:\/\/civita.com.mx\/en\/servicios\/oficinas\/\",\"name\":\"Los beneficios de las oficinas verdes o sustentables\",\"isPartOf\":{\"@id\":\"https:\/\/civita.com.mx\/#website\"},\"datePublished\":\"2020-10-23T19:12:45+00:00\",\"dateModified\":\"2021-04-06T15:28:25+00:00\",\"description\":\"Los beneficios de las oficinas verdes o sustentables van m\\u00e1s all\\u00e1 de la reducci\\u00f3n de gastos operativos y el ahorro de energ\\u00eda.\",\"breadcrumb\":{\"@id\":\"https:\/\/civita.com.mx\/en\/servicios\/oficinas\/#breadcrumb\"},\"inLanguage\":\"en-US\",\"potentialAction\":[{\"@type\":\"ReadAction\",\"target\":[\"https:\/\/civita.com.mx\/en\/servicios\/oficinas\/\"]}]},{\"@type\":\"BreadcrumbList\",\"@id\":\"https:\/\/civita.com.mx\/en\/servicios\/oficinas\/#breadcrumb\",\"itemListElement\":[{\"@type\":\"ListItem\",\"position\":1,\"item\":{\"@type\":\"WebPage\",\"@id\":\"https:\/\/civita.com.mx\/\",\"url\":\"https:\/\/civita.com.mx\/\",\"name\":\"Portada\"}},{\"@type\":\"ListItem\",\"position\":2,\"item\":{\"@type\":\"WebPage\",\"@id\":\"https:\/\/civita.com.mx\/en\/servicios\/\",\"url\":\"https:\/\/civita.com.mx\/en\/servicios\/\",\"name\":\"Servicios\"}},{\"@type\":\"ListItem\",\"position\":3,\"item\":{\"@type\":\"WebPage\",\"@id\":\"https:\/\/civita.com.mx\/en\/servicios\/oficinas\/\",\"url\":\"https:\/\/civita.com.mx\/en\/servicios\/oficinas\/\",\"name\":\"Oficinas\"}}]}]}<\/script>\n<!-- \/ Yoast SEO plugin. -->","_links":{"self":[{"href":"https:\/\/civita.com.mx\/en\/wp-json\/wp\/v2\/pages\/11499"}],"collection":[{"href":"https:\/\/civita.com.mx\/en\/wp-json\/wp\/v2\/pages"}],"about":[{"href":"https:\/\/civita.com.mx\/en\/wp-json\/wp\/v2\/types\/page"}],"author":[{"embeddable":true,"href":"https:\/\/civita.com.mx\/en\/wp-json\/wp\/v2\/users\/8"}],"replies":[{"embeddable":true,"href":"https:\/\/civita.com.mx\/en\/wp-json\/wp\/v2\/comments?post=11499"}],"version-history":[{"count":0,"href":"https:\/\/civita.com.mx\/en\/wp-json\/wp\/v2\/pages\/11499\/revisions"}],"up":[{"embeddable":true,"href":"https:\/\/civita.com.mx\/en\/wp-json\/wp\/v2\/pages\/56"}],"wp:attachment":[{"href":"https:\/\/civita.com.mx\/en\/wp-json\/wp\/v2\/media?parent=11499"}],"curies":[{"name":"wp","href":"https:\/\/api.w.org\/{rel}","templated":true}]}}