{"id":11259,"date":"2020-10-09T17:21:27","date_gmt":"2020-10-09T22:21:27","guid":{"rendered":"https:\/\/civita.com.mx\/?page_id=11259"},"modified":"2021-02-11T12:39:32","modified_gmt":"2021-02-11T18:39:32","slug":"lbc","status":"publish","type":"page","link":"https:\/\/civita.com.mx\/en\/servicios\/certificaciones\/lbc\/","title":{"rendered":"LIVING BUILDING CHALLENGE"},"content":{"rendered":"<p class=\"qtranxs-available-languages-message qtranxs-available-languages-message-en\">Sorry, this entry is only available in <a href=\"https:\/\/civita.com.mx\/es\/wp-json\/wp\/v2\/pages\/11259\" class=\"qtranxs-available-language-link qtranxs-available-language-link-es\" title=\"Espa\u00f1ol\">European Spanish<\/a>.<\/p>","protected":false},"excerpt":{"rendered":"<p>Sorry, this entry is only available in European Spanish.<\/p>\n","protected":false},"author":8,"featured_media":0,"parent":1306,"menu_order":0,"comment_status":"closed","ping_status":"closed","template":"","meta":[],"yoast_head":"<!-- This site is optimized with the Yoast SEO plugin v16.1.1 - https:\/\/yoast.com\/wordpress\/plugins\/seo\/ -->\n<title>Certificaci\u00f3n LIVING BUILDING CHALLENGE en M\u00e9xico - C\u00cdVITA<\/title>\n<meta name=\"description\" content=\"En C\u00cdVITA brindamos el servicio de asesor\u00eda para obtener la certificaci\u00f3n LIVING BUILDING CHALLENGE.\" \/>\n<link rel=\"canonical\" href=\"https:\/\/civita.com.mx\/servicios\/certificaciones\/lbc\/\" \/>\n<meta property=\"og:locale\" content=\"en_US\" \/>\n<meta property=\"og:type\" content=\"article\" \/>\n<meta property=\"og:title\" content=\"Certificaci\u00f3n LIVING BUILDING CHALLENGE en M\u00e9xico - C\u00cdVITA\" \/>\n<meta property=\"og:description\" content=\"En C\u00cdVITA brindamos el servicio de asesor\u00eda para obtener la certificaci\u00f3n LIVING BUILDING CHALLENGE.\" \/>\n<meta property=\"og:url\" content=\"https:\/\/civita.com.mx\/servicios\/certificaciones\/lbc\/\" \/>\n<meta property=\"og:site_name\" content=\"C\u00cdVITA Sustainable Buildings\" \/>\n<meta property=\"article:modified_time\" content=\"2021-02-11T18:39:32+00:00\" \/>\n<meta property=\"og:image\" content=\"https:\/\/civita.com.mx\/wp-content\/uploads\/2020\/10\/living-building-challenge-positive-environmental-impacts-1024x768.png\" \/>\n<meta name=\"twitter:card\" content=\"summary_large_image\" \/>\n<meta name=\"twitter:label1\" content=\"Est. reading time\">\n\t<meta name=\"twitter:data1\" content=\"3 minutes\">\n<script type=\"application\/ld+json\" class=\"yoast-schema-graph\">{\"@context\":\"https:\/\/schema.org\",\"@graph\":[{\"@type\":\"WebSite\",\"@id\":\"https:\/\/civita.com.mx\/#website\",\"url\":\"https:\/\/civita.com.mx\/\",\"name\":\"C\\u00cdVITA Sustainable Buildings\",\"description\":\"Corporate sustainability, certifications, energy efficiency, commissioning, sustainable design and more..\",\"potentialAction\":[{\"@type\":\"SearchAction\",\"target\":\"https:\/\/civita.com.mx\/?s={search_term_string}\",\"query-input\":\"required name=search_term_string\"}],\"inLanguage\":\"en-US\"},{\"@type\":\"ImageObject\",\"@id\":\"https:\/\/civita.com.mx\/servicios\/certificaciones\/lbc\/#primaryimage\",\"inLanguage\":\"en-US\",\"url\":\"https:\/\/civita.com.mx\/wp-content\/uploads\/2020\/10\/living-building-challenge-positive-environmental-impacts.png\",\"contentUrl\":\"https:\/\/civita.com.mx\/wp-content\/uploads\/2020\/10\/living-building-challenge-positive-environmental-impacts.png\",\"width\":3000,\"height\":2250},{\"@type\":\"WebPage\",\"@id\":\"https:\/\/civita.com.mx\/servicios\/certificaciones\/lbc\/#webpage\",\"url\":\"https:\/\/civita.com.mx\/servicios\/certificaciones\/lbc\/\",\"name\":\"Certificaci\\u00f3n LIVING BUILDING CHALLENGE en M\\u00e9xico - C\\u00cdVITA\",\"isPartOf\":{\"@id\":\"https:\/\/civita.com.mx\/#website\"},\"primaryImageOfPage\":{\"@id\":\"https:\/\/civita.com.mx\/servicios\/certificaciones\/lbc\/#primaryimage\"},\"datePublished\":\"2020-10-09T22:21:27+00:00\",\"dateModified\":\"2021-02-11T18:39:32+00:00\",\"description\":\"En C\\u00cdVITA brindamos el servicio de asesor\\u00eda para obtener la certificaci\\u00f3n LIVING BUILDING CHALLENGE.\",\"breadcrumb\":{\"@id\":\"https:\/\/civita.com.mx\/servicios\/certificaciones\/lbc\/#breadcrumb\"},\"inLanguage\":\"en-US\",\"potentialAction\":[{\"@type\":\"ReadAction\",\"target\":[\"https:\/\/civita.com.mx\/servicios\/certificaciones\/lbc\/\"]}]},{\"@type\":\"BreadcrumbList\",\"@id\":\"https:\/\/civita.com.mx\/servicios\/certificaciones\/lbc\/#breadcrumb\",\"itemListElement\":[{\"@type\":\"ListItem\",\"position\":1,\"item\":{\"@type\":\"WebPage\",\"@id\":\"https:\/\/civita.com.mx\/\",\"url\":\"https:\/\/civita.com.mx\/\",\"name\":\"Portada\"}},{\"@type\":\"ListItem\",\"position\":2,\"item\":{\"@type\":\"WebPage\",\"@id\":\"https:\/\/civita.com.mx\/en\/servicios\/\",\"url\":\"https:\/\/civita.com.mx\/en\/servicios\/\",\"name\":\"Servicios\"}},{\"@type\":\"ListItem\",\"position\":3,\"item\":{\"@type\":\"WebPage\",\"@id\":\"https:\/\/civita.com.mx\/servicios\/certificaciones\/\",\"url\":\"https:\/\/civita.com.mx\/servicios\/certificaciones\/\",\"name\":\"Certificaciones\"}},{\"@type\":\"ListItem\",\"position\":4,\"item\":{\"@type\":\"WebPage\",\"@id\":\"https:\/\/civita.com.mx\/servicios\/certificaciones\/lbc\/\",\"url\":\"https:\/\/civita.com.mx\/servicios\/certificaciones\/lbc\/\",\"name\":\"Certificaci\\u00f3n LIVING BUILDING CHALLENGE\"}}]}]}<\/script>\n<!-- \/ Yoast SEO plugin. -->","_links":{"self":[{"href":"https:\/\/civita.com.mx\/en\/wp-json\/wp\/v2\/pages\/11259"}],"collection":[{"href":"https:\/\/civita.com.mx\/en\/wp-json\/wp\/v2\/pages"}],"about":[{"href":"https:\/\/civita.com.mx\/en\/wp-json\/wp\/v2\/types\/page"}],"author":[{"embeddable":true,"href":"https:\/\/civita.com.mx\/en\/wp-json\/wp\/v2\/users\/8"}],"replies":[{"embeddable":true,"href":"https:\/\/civita.com.mx\/en\/wp-json\/wp\/v2\/comments?post=11259"}],"version-history":[{"count":0,"href":"https:\/\/civita.com.mx\/en\/wp-json\/wp\/v2\/pages\/11259\/revisions"}],"up":[{"embeddable":true,"href":"https:\/\/civita.com.mx\/en\/wp-json\/wp\/v2\/pages\/1306"}],"wp:attachment":[{"href":"https:\/\/civita.com.mx\/en\/wp-json\/wp\/v2\/media?parent=11259"}],"curies":[{"name":"wp","href":"https:\/\/api.w.org\/{rel}","templated":true}]}}