{"id":11232,"date":"2020-10-08T16:53:45","date_gmt":"2020-10-08T21:53:45","guid":{"rendered":"https:\/\/civita.com.mx\/?page_id=11232"},"modified":"2021-02-25T10:59:12","modified_gmt":"2021-02-25T16:59:12","slug":"parksmart","status":"publish","type":"page","link":"https:\/\/civita.com.mx\/en\/servicios\/certificaciones\/parksmart\/","title":{"rendered":"Parksmart certification"},"content":{"rendered":"<p class=\"qtranxs-available-languages-message qtranxs-available-languages-message-en\">Sorry, this entry is only available in <a href=\"https:\/\/civita.com.mx\/es\/wp-json\/wp\/v2\/pages\/11232\" class=\"qtranxs-available-language-link qtranxs-available-language-link-es\" title=\"Espa\u00f1ol\">European Spanish<\/a>.<\/p>","protected":false},"excerpt":{"rendered":"<p>Sorry, this entry is only available in European Spanish.<\/p>\n","protected":false},"author":8,"featured_media":0,"parent":1306,"menu_order":0,"comment_status":"closed","ping_status":"closed","template":"","meta":[],"yoast_head":"<!-- This site is optimized with the Yoast SEO plugin v16.1.1 - https:\/\/yoast.com\/wordpress\/plugins\/seo\/ -->\n<title>Programas de certificaci\u00f3n Parksmart en M\u00e9xico - C\u00cdVITA<\/title>\n<meta name=\"description\" content=\"En C\u00cdVITA brindamos el servicio de asesor\u00eda para obtener la certificaci\u00f3n Parksmart, que mide y reconoce las pr\u00e1cticas sostenibles en la gesti\u00f3n, programaci\u00f3n, dise\u00f1o y tecnolog\u00eda de de estacionamientos\" \/>\n<link rel=\"canonical\" href=\"https:\/\/civita.com.mx\/servicios\/certificaciones\/parksmart\/\" \/>\n<meta property=\"og:locale\" content=\"en_US\" \/>\n<meta property=\"og:type\" content=\"article\" \/>\n<meta property=\"og:title\" content=\"Programas de certificaci\u00f3n Parksmart en M\u00e9xico - C\u00cdVITA\" \/>\n<meta property=\"og:description\" content=\"En C\u00cdVITA brindamos el servicio de asesor\u00eda para obtener la certificaci\u00f3n Parksmart, que mide y reconoce las pr\u00e1cticas sostenibles en la gesti\u00f3n, programaci\u00f3n, dise\u00f1o y tecnolog\u00eda de de estacionamientos\" \/>\n<meta property=\"og:url\" content=\"https:\/\/civita.com.mx\/servicios\/certificaciones\/parksmart\/\" \/>\n<meta property=\"og:site_name\" content=\"C\u00cdVITA Sustainable Buildings\" \/>\n<meta property=\"article:modified_time\" content=\"2021-02-25T16:59:12+00:00\" \/>\n<meta name=\"twitter:card\" content=\"summary_large_image\" \/>\n<meta name=\"twitter:label1\" content=\"Est. reading time\">\n\t<meta name=\"twitter:data1\" content=\"3 minutes\">\n<script type=\"application\/ld+json\" class=\"yoast-schema-graph\">{\"@context\":\"https:\/\/schema.org\",\"@graph\":[{\"@type\":\"WebSite\",\"@id\":\"https:\/\/civita.com.mx\/#website\",\"url\":\"https:\/\/civita.com.mx\/\",\"name\":\"C\\u00cdVITA Sustainable Buildings\",\"description\":\"Corporate sustainability, certifications, energy efficiency, commissioning, sustainable design and more..\",\"potentialAction\":[{\"@type\":\"SearchAction\",\"target\":\"https:\/\/civita.com.mx\/?s={search_term_string}\",\"query-input\":\"required name=search_term_string\"}],\"inLanguage\":\"en-US\"},{\"@type\":\"WebPage\",\"@id\":\"https:\/\/civita.com.mx\/servicios\/certificaciones\/parksmart\/#webpage\",\"url\":\"https:\/\/civita.com.mx\/servicios\/certificaciones\/parksmart\/\",\"name\":\"Programas de certificaci\\u00f3n Parksmart en M\\u00e9xico - C\\u00cdVITA\",\"isPartOf\":{\"@id\":\"https:\/\/civita.com.mx\/#website\"},\"datePublished\":\"2020-10-08T21:53:45+00:00\",\"dateModified\":\"2021-02-25T16:59:12+00:00\",\"description\":\"En C\\u00cdVITA brindamos el servicio de asesor\\u00eda para obtener la certificaci\\u00f3n Parksmart, que mide y reconoce las pr\\u00e1cticas sostenibles en la gesti\\u00f3n, programaci\\u00f3n, dise\\u00f1o y tecnolog\\u00eda de de estacionamientos\",\"breadcrumb\":{\"@id\":\"https:\/\/civita.com.mx\/servicios\/certificaciones\/parksmart\/#breadcrumb\"},\"inLanguage\":\"en-US\",\"potentialAction\":[{\"@type\":\"ReadAction\",\"target\":[\"https:\/\/civita.com.mx\/servicios\/certificaciones\/parksmart\/\"]}]},{\"@type\":\"BreadcrumbList\",\"@id\":\"https:\/\/civita.com.mx\/servicios\/certificaciones\/parksmart\/#breadcrumb\",\"itemListElement\":[{\"@type\":\"ListItem\",\"position\":1,\"item\":{\"@type\":\"WebPage\",\"@id\":\"https:\/\/civita.com.mx\/\",\"url\":\"https:\/\/civita.com.mx\/\",\"name\":\"Portada\"}},{\"@type\":\"ListItem\",\"position\":2,\"item\":{\"@type\":\"WebPage\",\"@id\":\"https:\/\/civita.com.mx\/en\/servicios\/\",\"url\":\"https:\/\/civita.com.mx\/en\/servicios\/\",\"name\":\"Servicios\"}},{\"@type\":\"ListItem\",\"position\":3,\"item\":{\"@type\":\"WebPage\",\"@id\":\"https:\/\/civita.com.mx\/servicios\/certificaciones\/\",\"url\":\"https:\/\/civita.com.mx\/servicios\/certificaciones\/\",\"name\":\"Certificaciones\"}},{\"@type\":\"ListItem\",\"position\":4,\"item\":{\"@type\":\"WebPage\",\"@id\":\"https:\/\/civita.com.mx\/servicios\/certificaciones\/parksmart\/\",\"url\":\"https:\/\/civita.com.mx\/servicios\/certificaciones\/parksmart\/\",\"name\":\"Certificaci\\u00f3n Parksmart\"}}]}]}<\/script>\n<!-- \/ Yoast SEO plugin. -->","_links":{"self":[{"href":"https:\/\/civita.com.mx\/en\/wp-json\/wp\/v2\/pages\/11232"}],"collection":[{"href":"https:\/\/civita.com.mx\/en\/wp-json\/wp\/v2\/pages"}],"about":[{"href":"https:\/\/civita.com.mx\/en\/wp-json\/wp\/v2\/types\/page"}],"author":[{"embeddable":true,"href":"https:\/\/civita.com.mx\/en\/wp-json\/wp\/v2\/users\/8"}],"replies":[{"embeddable":true,"href":"https:\/\/civita.com.mx\/en\/wp-json\/wp\/v2\/comments?post=11232"}],"version-history":[{"count":0,"href":"https:\/\/civita.com.mx\/en\/wp-json\/wp\/v2\/pages\/11232\/revisions"}],"up":[{"embeddable":true,"href":"https:\/\/civita.com.mx\/en\/wp-json\/wp\/v2\/pages\/1306"}],"wp:attachment":[{"href":"https:\/\/civita.com.mx\/en\/wp-json\/wp\/v2\/media?parent=11232"}],"curies":[{"name":"wp","href":"https:\/\/api.w.org\/{rel}","templated":true}]}}