{"id":11092,"date":"2020-10-09T11:25:21","date_gmt":"2020-10-09T16:25:21","guid":{"rendered":"https:\/\/civita.com.mx\/?page_id=11092"},"modified":"2021-04-06T10:29:09","modified_gmt":"2021-04-06T15:29:09","slug":"industriales","status":"publish","type":"page","link":"https:\/\/civita.com.mx\/en\/servicios\/industriales\/","title":{"rendered":"Industrials, warehouses, and distribution centers"},"content":{"rendered":"<p>[vc_row][vc_column][vc_empty_space height=&#8221;132px&#8221;][\/vc_column][\/vc_row][vc_row][vc_column][riga_heading title=&#8221;Industrials, warehouses, and distribution centers&#8221;][vc_empty_space][vc_single_image image=&#8221;11737&#8243; img_size=&#8221;full&#8221; alignment=&#8221;center&#8221;][\/vc_column][\/vc_row][vc_row][vc_column][vc_column_text]Industrial buildings can greatly benefit from the application of environmental strategies in design, construction, and operation phases. They are usually large consumers of energy and water, as well as waste generators, due to its continuous operation and number of employees. Investments in the sustainability of industrial buildings are usually characterized by attractive return on investment (ROI) of 3 years or less.<\/p>\n<p>If you are looking to exploit your building\u2019s potential, C\u00cdVITA provides the following services for new and existing industrial buildings, warehouses, and distribution centers:[\/vc_column_text][\/vc_column][\/vc_row][vc_row][vc_column width=&#8221;1\/4&#8243;][vc_single_image image=&#8221;10288&#8243; alignment=&#8221;center&#8221; onclick=&#8221;custom_link&#8221; link=&#8221;https:\/\/civita.com.mx\/servicios\/#calidad&#8221;][\/vc_column][vc_column width=&#8221;3\/4&#8243;][vc_column_text]<a href=\"https:\/\/civita.com.mx\/calidad-ambiental-interior\/#ventilacion\">Natural ventilation calculations and simulation<\/a><\/p>\n<p><a href=\"https:\/\/civita.com.mx\/calidad-ambiental-interior\/#asoleamiento\">Daylight, sunlight, and overshadowing assessments<\/a><\/p>\n<p><a href=\"https:\/\/civita.com.mx\/calidad-ambiental-interior\/#aire\">Indoor air quality assessment<\/a><\/p>\n<p><a href=\"https:\/\/civita.com.mx\/calidad-ambiental-interior\/#confort\">Thermal comfort assessment<\/a><\/p>\n<p><a href=\"https:\/\/civita.com.mx\/calidad-ambiental-interior\/#limpieza\">Cleaning Audit<\/a>[\/vc_column_text][\/vc_column][\/vc_row][vc_row][vc_column width=&#8221;1\/4&#8243;][vc_single_image image=&#8221;10290&#8243; alignment=&#8221;center&#8221; onclick=&#8221;custom_link&#8221; link=&#8221;https:\/\/civita.com.mx\/servicios\/#eficiencia&#8221;][\/vc_column][vc_column width=&#8221;3\/4&#8243;][vc_column_text]<a href=\"https:\/\/civita.com.mx\/desempeno-energetico\/#diagnostico\">Energy efficiency consulting and diagnostics<\/a><\/p>\n<p><a href=\"https:\/\/civita.com.mx\/desempeno-energetico\/#simulaciones\">Energy simulations<\/a><\/p>\n<p><a href=\"https:\/\/civita.com.mx\/desempeno-energetico\/#gestion\">Energy Management Systems (ISO 50001)<\/a><\/p>\n<p><a href=\"https:\/\/civita.com.mx\/desempeno-energetico\/#auditoria\">ASHRAE energy audit<\/a>[\/vc_column_text][\/vc_column][\/vc_row][vc_row][vc_column width=&#8221;1\/4&#8243;][vc_empty_space height=&#8221;30px&#8221;][vc_single_image image=&#8221;10291&#8243; alignment=&#8221;center&#8221; onclick=&#8221;custom_link&#8221; link=&#8221;https:\/\/civita.com.mx\/servicios\/#asesoria&#8221;][\/vc_column][vc_column width=&#8221;3\/4&#8243;][vc_empty_space height=&#8221;20px&#8221;][vc_column_text]<a href=\"https:\/\/civita.com.mx\/servicios\/sustentabilidad-corporativa\/#sustentabilidad\">Corporate sustainability strategy<\/a><\/p>\n<p><a href=\"https:\/\/civita.com.mx\/sustentabilidad-corporativa\/#ods\">Sustainable Development Goals and Global Compact<\/a><\/p>\n<p><a href=\"https:\/\/civita.com.mx\/servicios\/sustentabilidad-corporativa\/#benchmarking\">Environmental benchmarking of properties portfolio<\/a><\/p>\n<p><a href=\"https:\/\/civita.com.mx\/servicios\/sustentabilidad-corporativa\/#carbono\">Carbon Footprint Calculations<\/a><\/p>\n<p><a href=\"https:\/\/civita.com.mx\/servicios\/sustentabilidad-corporativa\/#hidrica\">Water Footprint Calculations\u00a0<\/a>[\/vc_column_text][\/vc_column][\/vc_row][vc_row][vc_column width=&#8221;1\/4&#8243;][vc_single_image image=&#8221;10293&#8243; alignment=&#8221;center&#8221; onclick=&#8221;custom_link&#8221; link=&#8221;https:\/\/civita.com.mx\/servicios\/#cx&#8221;][\/vc_column][vc_column width=&#8221;3\/4&#8243;][vc_empty_space height=&#8221;50px&#8221;][vc_column_text]<a href=\"https:\/\/civita.com.mx\/servicios\/#cx\">Commissioning<\/a>[\/vc_column_text][\/vc_column][\/vc_row][vc_row][vc_column][vc_column_text]C\u00cdVITA offers advice to obtain the following\u00a0<a href=\"https:\/\/civita.com.mx\/servicios\/#certificaciones\">certifications<\/a>:[\/vc_column_text][vc_single_image image=&#8221;11491&#8243; img_size=&#8221;large&#8221; alignment=&#8221;center&#8221; onclick=&#8221;custom_link&#8221; link=&#8221;https:\/\/civita.com.mx\/servicios\/#certificaciones&#8221;][\/vc_column][\/vc_row][vc_row][vc_column][vc_column_text]We recommend the following case studies:<\/p>\n<p><a href=\"https:\/\/www.sciencedirect.com\/science\/article\/abs\/pii\/S0959652619316622\" class=\"broken_link\">Exploring the influences of green industrial building on the energy consumption of industrial enterprises: A case study of Chinese cigarette manufactures<\/a><\/p>\n<p><a href=\"https:\/\/edgebuildings.com\/green-warehouses\/?lang=es&amp;lang=es\">In the Business of Sustainability: Green Warehouses\u00a0<\/a>[\/vc_column_text][\/vc_column][\/vc_row][vc_row][vc_column]<div class=\"templatera_shortcode\"><p class=\"qtranxs-available-languages-message qtranxs-available-languages-message-en\">Sorry, this entry is only available in <a href=\"https:\/\/civita.com.mx\/es\/wp-json\/wp\/v2\/pages\/11092\" class=\"qtranxs-available-language-link qtranxs-available-language-link-es\" title=\"Espa\u00f1ol\">European Spanish<\/a>.<\/p><\/div>[\/vc_column][\/vc_row]<\/p>","protected":false},"excerpt":{"rendered":"[riga_heading title=\"Industrials, warehouses, and distribution centers\"] Industrial buildings can greatly...","protected":false},"author":8,"featured_media":0,"parent":56,"menu_order":0,"comment_status":"closed","ping_status":"closed","template":"","meta":[],"yoast_head":"<!-- This site is optimized with the Yoast SEO plugin v16.1.1 - https:\/\/yoast.com\/wordpress\/plugins\/seo\/ -->\n<title>Industrials, warehouses, and distribution centers  - C\u00cdVITA Sustainable Buildings<\/title>\n<meta name=\"description\" content=\"Los edificios industriales se pueden beneficiar ampliamente con la aplicaci\u00f3n de estrategias ambientales en las fases de dise\u00f1o, construcci\u00f3n y operaci\u00f3n.\" \/>\n<link rel=\"canonical\" href=\"https:\/\/civita.com.mx\/en\/servicios\/industriales\/\" \/>\n<meta property=\"og:locale\" content=\"en_US\" \/>\n<meta property=\"og:type\" content=\"article\" \/>\n<meta property=\"og:title\" content=\"[:es]Industriales, bodegas y centros de distribuci\u00f3n[:en]Industrials, warehouses, and distribution centers [:] - C\u00cdVITA Sustainable Buildings\" \/>\n<meta property=\"og:description\" content=\"Los edificios industriales se pueden beneficiar ampliamente con la aplicaci\u00f3n de estrategias ambientales en las fases de dise\u00f1o, construcci\u00f3n y operaci\u00f3n.\" \/>\n<meta property=\"og:url\" content=\"https:\/\/civita.com.mx\/en\/servicios\/industriales\/\" \/>\n<meta property=\"og:site_name\" content=\"C\u00cdVITA Sustainable Buildings\" \/>\n<meta property=\"article:modified_time\" content=\"2021-04-06T15:29:09+00:00\" \/>\n<meta name=\"twitter:card\" content=\"summary_large_image\" \/>\n<meta name=\"twitter:label1\" content=\"Est. reading time\">\n\t<meta name=\"twitter:data1\" content=\"2 minutes\">\n<script type=\"application\/ld+json\" class=\"yoast-schema-graph\">{\"@context\":\"https:\/\/schema.org\",\"@graph\":[{\"@type\":\"WebSite\",\"@id\":\"https:\/\/civita.com.mx\/#website\",\"url\":\"https:\/\/civita.com.mx\/\",\"name\":\"C\\u00cdVITA Sustainable Buildings\",\"description\":\"Corporate sustainability, certifications, energy efficiency, commissioning, sustainable design and more..\",\"potentialAction\":[{\"@type\":\"SearchAction\",\"target\":\"https:\/\/civita.com.mx\/?s={search_term_string}\",\"query-input\":\"required name=search_term_string\"}],\"inLanguage\":\"en-US\"},{\"@type\":\"WebPage\",\"@id\":\"https:\/\/civita.com.mx\/en\/servicios\/industriales\/#webpage\",\"url\":\"https:\/\/civita.com.mx\/en\/servicios\/industriales\/\",\"name\":\"[:es]Industriales, bodegas y centros de distribuci\\u00f3n[:en]Industrials, warehouses, and distribution centers [:] - C\\u00cdVITA Sustainable Buildings\",\"isPartOf\":{\"@id\":\"https:\/\/civita.com.mx\/#website\"},\"datePublished\":\"2020-10-09T16:25:21+00:00\",\"dateModified\":\"2021-04-06T15:29:09+00:00\",\"description\":\"Los edificios industriales se pueden beneficiar ampliamente con la aplicaci\\u00f3n de estrategias ambientales en las fases de dise\\u00f1o, construcci\\u00f3n y operaci\\u00f3n.\",\"breadcrumb\":{\"@id\":\"https:\/\/civita.com.mx\/en\/servicios\/industriales\/#breadcrumb\"},\"inLanguage\":\"en-US\",\"potentialAction\":[{\"@type\":\"ReadAction\",\"target\":[\"https:\/\/civita.com.mx\/en\/servicios\/industriales\/\"]}]},{\"@type\":\"BreadcrumbList\",\"@id\":\"https:\/\/civita.com.mx\/en\/servicios\/industriales\/#breadcrumb\",\"itemListElement\":[{\"@type\":\"ListItem\",\"position\":1,\"item\":{\"@type\":\"WebPage\",\"@id\":\"https:\/\/civita.com.mx\/\",\"url\":\"https:\/\/civita.com.mx\/\",\"name\":\"Portada\"}},{\"@type\":\"ListItem\",\"position\":2,\"item\":{\"@type\":\"WebPage\",\"@id\":\"https:\/\/civita.com.mx\/en\/servicios\/\",\"url\":\"https:\/\/civita.com.mx\/en\/servicios\/\",\"name\":\"Servicios\"}},{\"@type\":\"ListItem\",\"position\":3,\"item\":{\"@type\":\"WebPage\",\"@id\":\"https:\/\/civita.com.mx\/en\/servicios\/industriales\/\",\"url\":\"https:\/\/civita.com.mx\/en\/servicios\/industriales\/\",\"name\":\"Industriales, bodegas y centros de distribuci\\u00f3n\"}}]}]}<\/script>\n<!-- \/ Yoast SEO plugin. -->","_links":{"self":[{"href":"https:\/\/civita.com.mx\/en\/wp-json\/wp\/v2\/pages\/11092"}],"collection":[{"href":"https:\/\/civita.com.mx\/en\/wp-json\/wp\/v2\/pages"}],"about":[{"href":"https:\/\/civita.com.mx\/en\/wp-json\/wp\/v2\/types\/page"}],"author":[{"embeddable":true,"href":"https:\/\/civita.com.mx\/en\/wp-json\/wp\/v2\/users\/8"}],"replies":[{"embeddable":true,"href":"https:\/\/civita.com.mx\/en\/wp-json\/wp\/v2\/comments?post=11092"}],"version-history":[{"count":0,"href":"https:\/\/civita.com.mx\/en\/wp-json\/wp\/v2\/pages\/11092\/revisions"}],"up":[{"embeddable":true,"href":"https:\/\/civita.com.mx\/en\/wp-json\/wp\/v2\/pages\/56"}],"wp:attachment":[{"href":"https:\/\/civita.com.mx\/en\/wp-json\/wp\/v2\/media?parent=11092"}],"curies":[{"name":"wp","href":"https:\/\/api.w.org\/{rel}","templated":true}]}}