{"id":10738,"date":"2020-09-17T12:44:02","date_gmt":"2020-09-17T17:44:02","guid":{"rendered":"https:\/\/civita.com.mx\/?page_id=10738"},"modified":"2023-03-14T16:38:32","modified_gmt":"2023-03-14T22:38:32","slug":"true-zero-waste","status":"publish","type":"page","link":"https:\/\/civita.com.mx\/en\/servicios\/certificaciones\/true-zero-waste\/","title":{"rendered":"TRUE Zero Waste certification"},"content":{"rendered":"<p class=\"qtranxs-available-languages-message qtranxs-available-languages-message-en\">Sorry, this entry is only available in <a href=\"https:\/\/civita.com.mx\/es\/wp-json\/wp\/v2\/pages\/10738\" class=\"qtranxs-available-language-link qtranxs-available-language-link-es\" title=\"Espa\u00f1ol\">European Spanish<\/a>.<\/p>","protected":false},"excerpt":{"rendered":"<p>Sorry, this entry is only available in European Spanish.<\/p>\n","protected":false},"author":8,"featured_media":0,"parent":1306,"menu_order":0,"comment_status":"closed","ping_status":"closed","template":"","meta":[],"yoast_head":"<!-- This site is optimized with the Yoast SEO plugin v16.1.1 - https:\/\/yoast.com\/wordpress\/plugins\/seo\/ -->\n<title>Programa de Certificaci\u00f3n TRUE Zero Waste en M\u00e9xico - C\u00cdVITA<\/title>\n<meta name=\"description\" content=\"Para espacios que tienen como prioridad la gesti\u00f3n de sus residuos brindamos asesor\u00eda para la certificaci\u00f3n TRUE Zero Waste.\" \/>\n<link rel=\"canonical\" href=\"https:\/\/civita.com.mx\/servicios\/certificaciones\/true-zero-waste\/\" \/>\n<meta property=\"og:locale\" content=\"en_US\" \/>\n<meta property=\"og:type\" content=\"article\" \/>\n<meta property=\"og:title\" content=\"Programa de Certificaci\u00f3n TRUE Zero Waste en M\u00e9xico - C\u00cdVITA\" \/>\n<meta property=\"og:description\" content=\"Para espacios que tienen como prioridad la gesti\u00f3n de sus residuos brindamos asesor\u00eda para la certificaci\u00f3n TRUE Zero Waste.\" \/>\n<meta property=\"og:url\" content=\"https:\/\/civita.com.mx\/servicios\/certificaciones\/true-zero-waste\/\" \/>\n<meta property=\"og:site_name\" content=\"C\u00cdVITA Sustainable Buildings\" \/>\n<meta property=\"article:modified_time\" content=\"2023-03-14T22:38:32+00:00\" \/>\n<meta name=\"twitter:card\" content=\"summary_large_image\" \/>\n<meta name=\"twitter:label1\" content=\"Est. reading time\">\n\t<meta name=\"twitter:data1\" content=\"4 minutes\">\n<script type=\"application\/ld+json\" class=\"yoast-schema-graph\">{\"@context\":\"https:\/\/schema.org\",\"@graph\":[{\"@type\":\"WebSite\",\"@id\":\"https:\/\/civita.com.mx\/#website\",\"url\":\"https:\/\/civita.com.mx\/\",\"name\":\"C\\u00cdVITA Sustainable Buildings\",\"description\":\"Corporate sustainability, certifications, energy efficiency, commissioning, sustainable design and more..\",\"potentialAction\":[{\"@type\":\"SearchAction\",\"target\":\"https:\/\/civita.com.mx\/?s={search_term_string}\",\"query-input\":\"required name=search_term_string\"}],\"inLanguage\":\"en-US\"},{\"@type\":\"WebPage\",\"@id\":\"https:\/\/civita.com.mx\/servicios\/certificaciones\/true-zero-waste\/#webpage\",\"url\":\"https:\/\/civita.com.mx\/servicios\/certificaciones\/true-zero-waste\/\",\"name\":\"Programa de Certificaci\\u00f3n TRUE Zero Waste en M\\u00e9xico - C\\u00cdVITA\",\"isPartOf\":{\"@id\":\"https:\/\/civita.com.mx\/#website\"},\"datePublished\":\"2020-09-17T17:44:02+00:00\",\"dateModified\":\"2023-03-14T22:38:32+00:00\",\"description\":\"Para espacios que tienen como prioridad la gesti\\u00f3n de sus residuos brindamos asesor\\u00eda para la certificaci\\u00f3n TRUE Zero Waste.\",\"breadcrumb\":{\"@id\":\"https:\/\/civita.com.mx\/servicios\/certificaciones\/true-zero-waste\/#breadcrumb\"},\"inLanguage\":\"en-US\",\"potentialAction\":[{\"@type\":\"ReadAction\",\"target\":[\"https:\/\/civita.com.mx\/servicios\/certificaciones\/true-zero-waste\/\"]}]},{\"@type\":\"BreadcrumbList\",\"@id\":\"https:\/\/civita.com.mx\/servicios\/certificaciones\/true-zero-waste\/#breadcrumb\",\"itemListElement\":[{\"@type\":\"ListItem\",\"position\":1,\"item\":{\"@type\":\"WebPage\",\"@id\":\"https:\/\/civita.com.mx\/\",\"url\":\"https:\/\/civita.com.mx\/\",\"name\":\"Portada\"}},{\"@type\":\"ListItem\",\"position\":2,\"item\":{\"@type\":\"WebPage\",\"@id\":\"https:\/\/civita.com.mx\/en\/servicios\/\",\"url\":\"https:\/\/civita.com.mx\/en\/servicios\/\",\"name\":\"Servicios\"}},{\"@type\":\"ListItem\",\"position\":3,\"item\":{\"@type\":\"WebPage\",\"@id\":\"https:\/\/civita.com.mx\/servicios\/certificaciones\/\",\"url\":\"https:\/\/civita.com.mx\/servicios\/certificaciones\/\",\"name\":\"Certificaciones\"}},{\"@type\":\"ListItem\",\"position\":4,\"item\":{\"@type\":\"WebPage\",\"@id\":\"https:\/\/civita.com.mx\/servicios\/certificaciones\/true-zero-waste\/\",\"url\":\"https:\/\/civita.com.mx\/servicios\/certificaciones\/true-zero-waste\/\",\"name\":\"Certificaci\\u00f3n TRUE Zero Waste\"}}]}]}<\/script>\n<!-- \/ Yoast SEO plugin. -->","_links":{"self":[{"href":"https:\/\/civita.com.mx\/en\/wp-json\/wp\/v2\/pages\/10738"}],"collection":[{"href":"https:\/\/civita.com.mx\/en\/wp-json\/wp\/v2\/pages"}],"about":[{"href":"https:\/\/civita.com.mx\/en\/wp-json\/wp\/v2\/types\/page"}],"author":[{"embeddable":true,"href":"https:\/\/civita.com.mx\/en\/wp-json\/wp\/v2\/users\/8"}],"replies":[{"embeddable":true,"href":"https:\/\/civita.com.mx\/en\/wp-json\/wp\/v2\/comments?post=10738"}],"version-history":[{"count":1,"href":"https:\/\/civita.com.mx\/en\/wp-json\/wp\/v2\/pages\/10738\/revisions"}],"predecessor-version":[{"id":14393,"href":"https:\/\/civita.com.mx\/en\/wp-json\/wp\/v2\/pages\/10738\/revisions\/14393"}],"up":[{"embeddable":true,"href":"https:\/\/civita.com.mx\/en\/wp-json\/wp\/v2\/pages\/1306"}],"wp:attachment":[{"href":"https:\/\/civita.com.mx\/en\/wp-json\/wp\/v2\/media?parent=10738"}],"curies":[{"name":"wp","href":"https:\/\/api.w.org\/{rel}","templated":true}]}}