{"id":10613,"date":"2020-09-17T09:40:28","date_gmt":"2020-09-17T14:40:28","guid":{"rendered":"https:\/\/civita.com.mx\/?page_id=10613"},"modified":"2021-02-25T11:36:54","modified_gmt":"2021-02-25T17:36:54","slug":"calidad-ambiental-interior","status":"publish","type":"page","link":"https:\/\/civita.com.mx\/en\/servicios\/calidad-ambiental-interior\/","title":{"rendered":"Indoor Environmental Quality"},"content":{"rendered":"<p class=\"qtranxs-available-languages-message qtranxs-available-languages-message-en\">Sorry, this entry is only available in <a href=\"https:\/\/civita.com.mx\/es\/wp-json\/wp\/v2\/pages\/10613\" class=\"qtranxs-available-language-link qtranxs-available-language-link-es\" title=\"Espa\u00f1ol\">European Spanish<\/a>.<\/p>","protected":false},"excerpt":{"rendered":"<p>Sorry, this entry is only available in European Spanish.<\/p>\n","protected":false},"author":8,"featured_media":0,"parent":56,"menu_order":0,"comment_status":"closed","ping_status":"closed","template":"","meta":[],"yoast_head":"<!-- This site is optimized with the Yoast SEO plugin v16.1.1 - https:\/\/yoast.com\/wordpress\/plugins\/seo\/ -->\n<title>Indoor Environmental Quality - C\u00cdVITA Sustainable Buildings<\/title>\n<meta name=\"description\" content=\"En C\u00cdVITA ofrecemos diferentes servicios relacionados con la Calidad Ambiental en Interiores (IEQ, por su acr\u00f3nimo en ingl\u00e9s) de tu edificio.\" \/>\n<link rel=\"canonical\" href=\"https:\/\/civita.com.mx\/servicios\/calidad-ambiental-interior\/\" \/>\n<meta property=\"og:locale\" content=\"en_US\" \/>\n<meta property=\"og:type\" content=\"article\" \/>\n<meta property=\"og:title\" content=\"[:es]Calidad Ambiental Interior[:en]Indoor Environmental Quality[:] - C\u00cdVITA Sustainable Buildings\" \/>\n<meta property=\"og:description\" content=\"En C\u00cdVITA ofrecemos diferentes servicios relacionados con la Calidad Ambiental en Interiores (IEQ, por su acr\u00f3nimo en ingl\u00e9s) de tu edificio.\" \/>\n<meta property=\"og:url\" content=\"https:\/\/civita.com.mx\/servicios\/calidad-ambiental-interior\/\" \/>\n<meta property=\"og:site_name\" content=\"C\u00cdVITA Sustainable Buildings\" \/>\n<meta property=\"article:modified_time\" content=\"2021-02-25T17:36:54+00:00\" \/>\n<meta name=\"twitter:card\" content=\"summary_large_image\" \/>\n<meta name=\"twitter:label1\" content=\"Est. reading time\">\n\t<meta name=\"twitter:data1\" content=\"7 minutes\">\n<script type=\"application\/ld+json\" class=\"yoast-schema-graph\">{\"@context\":\"https:\/\/schema.org\",\"@graph\":[{\"@type\":\"WebSite\",\"@id\":\"https:\/\/civita.com.mx\/#website\",\"url\":\"https:\/\/civita.com.mx\/\",\"name\":\"C\\u00cdVITA Sustainable Buildings\",\"description\":\"Corporate sustainability, certifications, energy efficiency, commissioning, sustainable design and more..\",\"potentialAction\":[{\"@type\":\"SearchAction\",\"target\":\"https:\/\/civita.com.mx\/?s={search_term_string}\",\"query-input\":\"required name=search_term_string\"}],\"inLanguage\":\"en-US\"},{\"@type\":\"WebPage\",\"@id\":\"https:\/\/civita.com.mx\/servicios\/calidad-ambiental-interior\/#webpage\",\"url\":\"https:\/\/civita.com.mx\/servicios\/calidad-ambiental-interior\/\",\"name\":\"[:es]Calidad Ambiental Interior[:en]Indoor Environmental Quality[:] - C\\u00cdVITA Sustainable Buildings\",\"isPartOf\":{\"@id\":\"https:\/\/civita.com.mx\/#website\"},\"datePublished\":\"2020-09-17T14:40:28+00:00\",\"dateModified\":\"2021-02-25T17:36:54+00:00\",\"description\":\"En C\\u00cdVITA ofrecemos diferentes servicios relacionados con la Calidad Ambiental en Interiores (IEQ, por su acr\\u00f3nimo en ingl\\u00e9s) de tu edificio.\",\"breadcrumb\":{\"@id\":\"https:\/\/civita.com.mx\/servicios\/calidad-ambiental-interior\/#breadcrumb\"},\"inLanguage\":\"en-US\",\"potentialAction\":[{\"@type\":\"ReadAction\",\"target\":[\"https:\/\/civita.com.mx\/servicios\/calidad-ambiental-interior\/\"]}]},{\"@type\":\"BreadcrumbList\",\"@id\":\"https:\/\/civita.com.mx\/servicios\/calidad-ambiental-interior\/#breadcrumb\",\"itemListElement\":[{\"@type\":\"ListItem\",\"position\":1,\"item\":{\"@type\":\"WebPage\",\"@id\":\"https:\/\/civita.com.mx\/\",\"url\":\"https:\/\/civita.com.mx\/\",\"name\":\"Portada\"}},{\"@type\":\"ListItem\",\"position\":2,\"item\":{\"@type\":\"WebPage\",\"@id\":\"https:\/\/civita.com.mx\/en\/servicios\/\",\"url\":\"https:\/\/civita.com.mx\/en\/servicios\/\",\"name\":\"Servicios\"}},{\"@type\":\"ListItem\",\"position\":3,\"item\":{\"@type\":\"WebPage\",\"@id\":\"https:\/\/civita.com.mx\/servicios\/calidad-ambiental-interior\/\",\"url\":\"https:\/\/civita.com.mx\/servicios\/calidad-ambiental-interior\/\",\"name\":\"Calidad Ambiental Interior\"}}]}]}<\/script>\n<!-- \/ Yoast SEO plugin. -->","_links":{"self":[{"href":"https:\/\/civita.com.mx\/en\/wp-json\/wp\/v2\/pages\/10613"}],"collection":[{"href":"https:\/\/civita.com.mx\/en\/wp-json\/wp\/v2\/pages"}],"about":[{"href":"https:\/\/civita.com.mx\/en\/wp-json\/wp\/v2\/types\/page"}],"author":[{"embeddable":true,"href":"https:\/\/civita.com.mx\/en\/wp-json\/wp\/v2\/users\/8"}],"replies":[{"embeddable":true,"href":"https:\/\/civita.com.mx\/en\/wp-json\/wp\/v2\/comments?post=10613"}],"version-history":[{"count":0,"href":"https:\/\/civita.com.mx\/en\/wp-json\/wp\/v2\/pages\/10613\/revisions"}],"up":[{"embeddable":true,"href":"https:\/\/civita.com.mx\/en\/wp-json\/wp\/v2\/pages\/56"}],"wp:attachment":[{"href":"https:\/\/civita.com.mx\/en\/wp-json\/wp\/v2\/media?parent=10613"}],"curies":[{"name":"wp","href":"https:\/\/api.w.org\/{rel}","templated":true}]}}