{"id":10194,"date":"2020-08-14T12:51:26","date_gmt":"2020-08-14T17:51:26","guid":{"rendered":"https:\/\/civita.com.mx\/?page_id=10194"},"modified":"2021-02-25T11:31:00","modified_gmt":"2021-02-25T17:31:00","slug":"iaq","status":"publish","type":"page","link":"https:\/\/civita.com.mx\/en\/servicios\/calidad-ambiental-interior\/iaq\/","title":{"rendered":"Indoor Air Quality"},"content":{"rendered":"<p class=\"qtranxs-available-languages-message qtranxs-available-languages-message-en\">Sorry, this entry is only available in <a href=\"https:\/\/civita.com.mx\/es\/wp-json\/wp\/v2\/pages\/10194\" class=\"qtranxs-available-language-link qtranxs-available-language-link-es\" title=\"Espa\u00f1ol\">European Spanish<\/a>.<\/p>","protected":false},"excerpt":{"rendered":"<p>Sorry, this entry is only available in European Spanish.<\/p>\n","protected":false},"author":8,"featured_media":0,"parent":10613,"menu_order":0,"comment_status":"closed","ping_status":"closed","template":"","meta":[],"yoast_head":"<!-- This site is optimized with the Yoast SEO plugin v16.1.1 - https:\/\/yoast.com\/wordpress\/plugins\/seo\/ -->\n<title>Indoor Air Quality - C\u00cdVITA Sustainable Buildings<\/title>\n<meta name=\"description\" content=\"En C\u00cdVITA ofrecemos el servicio de evaluaci\u00f3n de calidad del aire interior, realizado con la instrumentaci\u00f3n adecuada para tener resultados confiables y precisos.\" \/>\n<link rel=\"canonical\" href=\"https:\/\/civita.com.mx\/en\/servicios\/calidad-ambiental-interior\/iaq\/\" \/>\n<meta property=\"og:locale\" content=\"en_US\" \/>\n<meta property=\"og:type\" content=\"article\" \/>\n<meta property=\"og:title\" content=\"[:es]Calidad del aire en interiores[:en]Indoor Air Quality[:] - C\u00cdVITA Sustainable Buildings\" \/>\n<meta property=\"og:description\" content=\"En C\u00cdVITA ofrecemos el servicio de evaluaci\u00f3n de calidad del aire interior, realizado con la instrumentaci\u00f3n adecuada para tener resultados confiables y precisos.\" \/>\n<meta property=\"og:url\" content=\"https:\/\/civita.com.mx\/en\/servicios\/calidad-ambiental-interior\/iaq\/\" \/>\n<meta property=\"og:site_name\" content=\"C\u00cdVITA Sustainable Buildings\" \/>\n<meta property=\"article:modified_time\" content=\"2021-02-25T17:31:00+00:00\" \/>\n<meta name=\"twitter:card\" content=\"summary_large_image\" \/>\n<meta name=\"twitter:label1\" content=\"Est. reading time\">\n\t<meta name=\"twitter:data1\" content=\"4 minutes\">\n<script type=\"application\/ld+json\" class=\"yoast-schema-graph\">{\"@context\":\"https:\/\/schema.org\",\"@graph\":[{\"@type\":\"WebSite\",\"@id\":\"https:\/\/civita.com.mx\/#website\",\"url\":\"https:\/\/civita.com.mx\/\",\"name\":\"C\\u00cdVITA Sustainable Buildings\",\"description\":\"Corporate sustainability, certifications, energy efficiency, commissioning, sustainable design and more..\",\"potentialAction\":[{\"@type\":\"SearchAction\",\"target\":\"https:\/\/civita.com.mx\/?s={search_term_string}\",\"query-input\":\"required name=search_term_string\"}],\"inLanguage\":\"en-US\"},{\"@type\":\"WebPage\",\"@id\":\"https:\/\/civita.com.mx\/en\/servicios\/calidad-ambiental-interior\/iaq\/#webpage\",\"url\":\"https:\/\/civita.com.mx\/en\/servicios\/calidad-ambiental-interior\/iaq\/\",\"name\":\"[:es]Calidad del aire en interiores[:en]Indoor Air Quality[:] - C\\u00cdVITA Sustainable Buildings\",\"isPartOf\":{\"@id\":\"https:\/\/civita.com.mx\/#website\"},\"datePublished\":\"2020-08-14T17:51:26+00:00\",\"dateModified\":\"2021-02-25T17:31:00+00:00\",\"description\":\"En C\\u00cdVITA ofrecemos el servicio de evaluaci\\u00f3n de calidad del aire interior, realizado con la instrumentaci\\u00f3n adecuada para tener resultados confiables y precisos.\",\"breadcrumb\":{\"@id\":\"https:\/\/civita.com.mx\/en\/servicios\/calidad-ambiental-interior\/iaq\/#breadcrumb\"},\"inLanguage\":\"en-US\",\"potentialAction\":[{\"@type\":\"ReadAction\",\"target\":[\"https:\/\/civita.com.mx\/en\/servicios\/calidad-ambiental-interior\/iaq\/\"]}]},{\"@type\":\"BreadcrumbList\",\"@id\":\"https:\/\/civita.com.mx\/en\/servicios\/calidad-ambiental-interior\/iaq\/#breadcrumb\",\"itemListElement\":[{\"@type\":\"ListItem\",\"position\":1,\"item\":{\"@type\":\"WebPage\",\"@id\":\"https:\/\/civita.com.mx\/\",\"url\":\"https:\/\/civita.com.mx\/\",\"name\":\"Portada\"}},{\"@type\":\"ListItem\",\"position\":2,\"item\":{\"@type\":\"WebPage\",\"@id\":\"https:\/\/civita.com.mx\/en\/servicios\/\",\"url\":\"https:\/\/civita.com.mx\/en\/servicios\/\",\"name\":\"Servicios\"}},{\"@type\":\"ListItem\",\"position\":3,\"item\":{\"@type\":\"WebPage\",\"@id\":\"https:\/\/civita.com.mx\/servicios\/calidad-ambiental-interior\/\",\"url\":\"https:\/\/civita.com.mx\/servicios\/calidad-ambiental-interior\/\",\"name\":\"Calidad Ambiental Interior\"}},{\"@type\":\"ListItem\",\"position\":4,\"item\":{\"@type\":\"WebPage\",\"@id\":\"https:\/\/civita.com.mx\/en\/servicios\/calidad-ambiental-interior\/iaq\/\",\"url\":\"https:\/\/civita.com.mx\/en\/servicios\/calidad-ambiental-interior\/iaq\/\",\"name\":\"Calidad del aire en interiores\"}}]}]}<\/script>\n<!-- \/ Yoast SEO plugin. -->","_links":{"self":[{"href":"https:\/\/civita.com.mx\/en\/wp-json\/wp\/v2\/pages\/10194"}],"collection":[{"href":"https:\/\/civita.com.mx\/en\/wp-json\/wp\/v2\/pages"}],"about":[{"href":"https:\/\/civita.com.mx\/en\/wp-json\/wp\/v2\/types\/page"}],"author":[{"embeddable":true,"href":"https:\/\/civita.com.mx\/en\/wp-json\/wp\/v2\/users\/8"}],"replies":[{"embeddable":true,"href":"https:\/\/civita.com.mx\/en\/wp-json\/wp\/v2\/comments?post=10194"}],"version-history":[{"count":0,"href":"https:\/\/civita.com.mx\/en\/wp-json\/wp\/v2\/pages\/10194\/revisions"}],"up":[{"embeddable":true,"href":"https:\/\/civita.com.mx\/en\/wp-json\/wp\/v2\/pages\/10613"}],"wp:attachment":[{"href":"https:\/\/civita.com.mx\/en\/wp-json\/wp\/v2\/media?parent=10194"}],"curies":[{"name":"wp","href":"https:\/\/api.w.org\/{rel}","templated":true}]}}